{"id":15112,"date":"2015-04-01T01:39:17","date_gmt":"2015-04-01T01:39:17","guid":{"rendered":"https:\/\/www.sisinternational.com\/?page_id=15112"},"modified":"2026-01-26T17:44:51","modified_gmt":"2026-01-26T22:44:51","slug":"markenforschung","status":"publish","type":"page","link":"https:\/\/www.sisinternational.com\/de\/sachverstand\/lebenslaufe\/markenforschung\/","title":{"rendered":"Markenforschungsunternehmen"},"content":{"rendered":"<h1 class=\"wp-block-heading\">Markenforschungsunternehmen<\/h1>\n\n\n\n<figure class=\"gb-block-image gb-block-image-2e51f189\"><img loading=\"lazy\" decoding=\"async\" width=\"1456\" height=\"816\" class=\"gb-image gb-image-2e51f189\" src=\"https:\/\/www.sisinternational.com\/wp-content\/uploads\/2025\/08\/Marketing-7.jpg\" alt=\"SIS International Marktforschung &amp; Strategie\" title=\"Marketing (7)\" srcset=\"https:\/\/www.sisinternational.com\/wp-content\/uploads\/2025\/08\/Marketing-7.jpg 1456w, https:\/\/www.sisinternational.com\/wp-content\/uploads\/2025\/08\/Marketing-7-300x168.jpg 300w, https:\/\/www.sisinternational.com\/wp-content\/uploads\/2025\/08\/Marketing-7-1024x574.jpg 1024w, https:\/\/www.sisinternational.com\/wp-content\/uploads\/2025\/08\/Marketing-7-768x430.jpg 768w, https:\/\/www.sisinternational.com\/wp-content\/uploads\/2025\/08\/Marketing-7-18x10.jpg 18w\" sizes=\"auto, (max-width: 1456px) 100vw, 1456px\"><\/figure>\n\n\n\n<p><\/p>\n\n\n\n<h2 class=\"wp-block-heading\">SIS is a leading Brand Research company.&nbsp; Explore our experience.<\/h2>\n\n\n\n<h2 class=\"wp-block-heading\">Markenzeichen<\/h2>\n\n\n\n<ul class=\"wp-block-list\">\n<li>Brand image study for a major airline conducted via CATI in US and the UK. Respondents&nbsp;were international leisure and business travelers.<\/li>\n\n\n\n<li>Conducted mall intercepts in US on consumers attitudes toward retail clothing store brand&nbsp;names.<\/li>\n\n\n\n<li>Durchf\u00fchrung von Fokusgruppen f\u00fcr Markenartikel.<\/li>\n\n\n\n<li>Quantitative Brand Image Study for US and Europe for Industrial Cleaning products by end&nbsp;use Market Segments.<\/li>\n\n\n\n<li>Quantitative Umfrage zum Markenimage von Glasherstellern in den USA.<\/li>\n\n\n\n<li>Quantitative Markenimage-Umfrage f\u00fcr einen Glashersteller.<\/li>\n\n\n\n<li>Durchf\u00fchrung einer Intercept-Studie zum Markenimage von Lebensmittelunternehmen<\/li>\n\n\n\n<li>Durchf\u00fchrung einer Markenimage- und Wirksamkeitsstudie f\u00fcr ein M\u00f6belunternehmen<\/li>\n<\/ul>\n\n\n\n<h2 class=\"wp-block-heading\">Markenwert<\/h2>\n\n\n\n<ul class=\"wp-block-list\">\n<li>Globale Markenstudie f\u00fcr S\u00fc\u00dfwarenunternehmen f\u00fcr ein asiatisches Werbeunternehmen.<\/li>\n\n\n\n<li>Abschluss einer Studie zur Markenbekanntheit f\u00fcr einen globalen Hersteller eines Mehrzweck-Elektrowerkzeugs in Australien, Chile und Argentinien. Wir f\u00fchrten vor und nach der Kampagne eine Reihe von Telefoninterviews durch, in denen wir diese Medienkampagnen diskutierten.<\/li>\n\n\n\n<li>Durchf\u00fchrung einer Studie zum Markenwert und zur Markenbekanntheit auf dem nordamerikanischen M\u00f6belmarkt.<\/li>\n\n\n\n<li>Conducted a brand equity and brand research <a href=\"https:\/\/www.sisinternational.com\/de\/grosforschung-fur-kleine-unternehmen\/\" title=\"Gro\u00dfforschung f\u00fcr kleine Unternehmen\"  data-wpil-monitor-id=\"2337\">strategy study for a major aerospace company<\/a> in the North American market. In 2009, we conducted a comprehensive, multiphase global brand equity study for a major global aircraft engine manufacturer. We followed this with one-on-one interviews with key industry executives regarding current and anticipated industry issues. We surveyed airlines, appraisers, bankers, lessors, cargo companies and MROs including everyone from procurement and finance people to fleet managers and company executives. Our client used this <a href=\"https:\/\/www.sisinternational.com\/de\/sachverstand\/branchen\/dip-sauce-marktforschung\/\" title=\"Marktforschung f\u00fcr Dip-Saucen\"  data-wpil-monitor-id=\"5757\">research to refine their marketing<\/a> strategies and to inform next generation aircraft engine initiatives.<\/li>\n\n\n\n<li>Conducted <a href=\"https:\/\/www.sisinternational.com\/de\/reifenmarkenmonitor-usa-deutschland-brasilien\/\" title=\"Reifenmarkenforschung in den USA, Deutschland und Brasilien\"  data-wpil-monitor-id=\"6595\">research of brand<\/a> loyalty, for an online quantitative questionnaire.<\/li>\n<\/ul>\n\n\n\n<h2 class=\"wp-block-heading\">Markenidentit\u00e4t<\/h2>\n\n\n\n<ul class=\"wp-block-list\">\n<li>In Einkaufszentren in den USA wurden Befragungen zur Einstellung der Verbraucher gegen\u00fcber Markennamen in Bekleidungsgesch\u00e4ften durchgef\u00fchrt.<\/li>\n\n\n\n<li>Durchf\u00fchrung von Fokusgruppen f\u00fcr Markenartikel.<\/li>\n\n\n\n<li>Durchf\u00fchrung einer Studie zur Ermittlung der Marken- und Funktionsnamen eines neuen Betriebssystems in Japan und Deutschland unter PC-Benutzern.<\/li>\n\n\n\n<li>Durchf\u00fchrung von IDIs mit Journalisten und Analysten bez\u00fcglich ihrer Markenidentit\u00e4t\/Bekanntheit f\u00fcr Solarmodule<\/li>\n<\/ul>\n\n\n\n<h2 class=\"wp-block-heading\">Markenstrategie<\/h2>\n\n\n\n<ul class=\"wp-block-list\">\n<li>Durchf\u00fchrung einer europ\u00e4ischen Markenl\u00f6sungsstudie mit Radiologen.<\/li>\n\n\n\n<li>Qualitative Studie unter \u00c4rzten und M\u00fcttern zu deren Reaktion auf das Konzept einer kompletten Linie von Ern\u00e4hrungsprodukten unter einem einzigen globalen Markennamen und deren Positionierung.<\/li>\n\n\n\n<li>Erfolgreiche Markenmanagementtechniken im US-Einzelhandel.<\/li>\n\n\n\n<li>Neupositionierung der Markenstrategie eines Kunden aus der Fensterherstellung zur Ansprache professioneller Bauunternehmer.<\/li>\n\n\n\n<li>Durchf\u00fchrung einer IDIS zur Bewertung der Corporate-Markenslogans eines gro\u00dfen Mobiltelefonherstellers<\/li>\n<\/ul>\n\n\n\n<p><\/p>\n\n\n\n<p><\/p>","protected":false},"excerpt":{"rendered":"<p>SIS nutzte eine Vielzahl wichtiger Kennzahlen, darunter Markenpers\u00f6nlichkeit, Markentreue, Markenvitalit\u00e4t, Markendifferenzierung und andere wichtige Kennzahlen.<\/p>","protected":false},"author":1,"featured_media":62843,"parent":15106,"menu_order":0,"comment_status":"closed","ping_status":"open","template":"","meta":{"footnotes":""},"class_list":["post-15112","page","type-page","status-publish","has-post-thumbnail"],"_links":{"self":[{"href":"https:\/\/www.sisinternational.com\/de\/wp-json\/wp\/v2\/pages\/15112","targetHints":{"allow":["GET"]}}],"collection":[{"href":"https:\/\/www.sisinternational.com\/de\/wp-json\/wp\/v2\/pages"}],"about":[{"href":"https:\/\/www.sisinternational.com\/de\/wp-json\/wp\/v2\/types\/page"}],"author":[{"embeddable":true,"href":"https:\/\/www.sisinternational.com\/de\/wp-json\/wp\/v2\/users\/1"}],"replies":[{"embeddable":true,"href":"https:\/\/www.sisinternational.com\/de\/wp-json\/wp\/v2\/comments?post=15112"}],"version-history":[{"count":8,"href":"https:\/\/www.sisinternational.com\/de\/wp-json\/wp\/v2\/pages\/15112\/revisions"}],"predecessor-version":[{"id":80174,"href":"https:\/\/www.sisinternational.com\/de\/wp-json\/wp\/v2\/pages\/15112\/revisions\/80174"}],"up":[{"embeddable":true,"href":"https:\/\/www.sisinternational.com\/de\/wp-json\/wp\/v2\/pages\/15106"}],"wp:featuredmedia":[{"embeddable":true,"href":"https:\/\/www.sisinternational.com\/de\/wp-json\/wp\/v2\/media\/62843"}],"wp:attachment":[{"href":"https:\/\/www.sisinternational.com\/de\/wp-json\/wp\/v2\/media?parent=15112"}],"curies":[{"name":"wp","href":"https:\/\/api.w.org\/{rel}","templated":true}]}}