{"id":15100,"date":"2015-03-31T13:59:22","date_gmt":"2015-03-31T13:59:22","guid":{"rendered":"https:\/\/www.sisinternational.com\/?page_id=15100"},"modified":"2026-01-24T21:08:40","modified_gmt":"2026-01-25T02:08:40","slug":"marktforschung-fur-heimtierpflege","status":"publish","type":"page","link":"https:\/\/www.sisinternational.com\/de\/sachverstand\/marktforschung-fur-heimtierpflege\/","title":{"rendered":"Marktforschung f\u00fcr Heimtierpflege"},"content":{"rendered":"<h1 class=\"wp-block-heading\">Pet Care&nbsp;Market Research<\/h1>\n\n\n\n<figure class=\"gb-block-image gb-block-image-2578a930\"><img loading=\"lazy\" decoding=\"async\" width=\"1456\" height=\"816\" class=\"gb-image gb-image-2578a930\" src=\"https:\/\/www.sisinternational.com\/wp-content\/uploads\/2025\/08\/Pets-dogs-cats-8.jpg\" srcset=\"https:\/\/www.sisinternational.com\/wp-content\/uploads\/2025\/08\/Pets-dogs-cats-8.jpg 1456w, https:\/\/www.sisinternational.com\/wp-content\/uploads\/2025\/08\/Pets-dogs-cats-8-300x168.jpg 300w, https:\/\/www.sisinternational.com\/wp-content\/uploads\/2025\/08\/Pets-dogs-cats-8-1024x574.jpg 1024w, https:\/\/www.sisinternational.com\/wp-content\/uploads\/2025\/08\/Pets-dogs-cats-8-768x430.jpg 768w, https:\/\/www.sisinternational.com\/wp-content\/uploads\/2025\/08\/Pets-dogs-cats-8-18x10.jpg 18w\" sizes=\"auto, (max-width: 1456px) 100vw, 1456px\" alt=\"SIS International Marktforschung &amp; Strategie\"><\/figure>\n\n\n\n<p><\/p>\n\n\n\n<p><\/p>\n\n\n\n<h2 class=\"wp-block-heading p1\">Die Menschen geben einen zunehmenden Teil ihres verf\u00fcgbaren Einkommens f\u00fcr ihre Haustiere aus.<\/h2>\n\n\n\n<p class=\"p1\">Die Heimtierpflegebranche boomt, doch es handelt sich um einen \u00e4u\u00dferst wettbewerbsintensiven Markt mit vielen Neueinsteigern, die sich nun mit den gro\u00dfen Kaufh\u00e4usern und der zunehmenden E-Commerce-Konkurrenz messen m\u00fcssen, die ebenfalls auf den Markt gekommen ist.<\/p>\n\n\n\n<p class=\"p1\">Um sich einen Wettbewerbsvorteil zu verschaffen, setzen Unternehmen, die sich auf Haustiere spezialisiert haben, zunehmend ausgefeilte Methoden ein, darunter soziale Medien, Apps, gezielte Verkaufsstrategien, neue Zutaten, mobile Technologien und mehr.<\/p>\n\n\n\n<p class=\"p1\">Da die Weltbev\u00f6lkerung altert und die Zahl der Einpersonenhaushalte zunimmt, suchen die Menschen nach Tieren als Gesellschaft und wegen der nachgewiesenen gesundheitlichen Vorteile, die Haustiere bieten (Stressabbau, niedrigerer Blutdruck). Immer mehr Menschen auf der ganzen Welt kaufen Haustiere \u2013 Hunde, Katzen, Fische, V\u00f6gel, Spinnen, Schlangen, Pferde \u2013 offensichtlich k\u00f6nnen wir nicht genug von unseren pelzigen und gefiederten Freunden bekommen.<\/p>\n\n\n\n<p class=\"p1\">In der Heimtierpflegebranche gibt es zahlreiche potenzielle Gewinnm\u00f6glichkeiten, darunter Fellpflege, Gehorsamkeitstraining, Zwinger, Premiumprodukte, Ern\u00e4hrung, tier\u00e4rztliche Versorgung, digitale \u00dcberwachung, Gesundheitsf\u00fcrsorge f\u00fcr Haustiere, Arzneimittel, Haustierbekleidung, Gewichtskontrolle, Tagesbetreuung und Haustierversicherungen.<\/p>\n\n\n\n<h2 class=\"wp-block-heading\">\u00dcber Pet Care Market Research<\/h2>\n\n\n\n<p class=\"p1\">SIS International <a href=\"https:\/\/www.sisinternational.com\/de\/sachverstand\/branchen\/marktforschung-zur-wundversorgung\/\" title=\"Marktforschung zur Wundversorgung\"  data-wpil-monitor-id=\"3171\">Research monitors near-term and long-range pet care<\/a> market trends, assisting pet care-related businesses in formulating effective marketing strategies. Our focus groups, quantitative and qualitative studies, online surveys, intercepts, and <a href=\"https:\/\/www.sisinternational.com\/de\/global-beverage-market\/\" title=\"Global Beverage Market: Market Dynamics, Growth Projections &amp; Consumer Insights\"  data-wpil-monitor-id=\"10773\">global market<\/a> analysis efforts provide invaluable data and insight into the evolving pet care market, and into the minds of your customers. Additionally, our <a href=\"https:\/\/www.sisinternational.com\/de\/integrierte-marketingstrategie-fur-eine-innovative-online-handelsplattform\/\" title=\"Marketingkampagne f\u00fcr eine innovative Online-Handelsplattform\"  data-wpil-monitor-id=\"8224\">market intelligence campaigns<\/a> reveal information that can offer our clients a decided competitive edge. Let <a href=\"https:\/\/www.sisinternational.com\/de\/losungen\/branding-und-kundenforschungslosungen\/produkttests-marktforschung\/sis-internationals-geschmackstest-fur-lebensmittel\/\" title=\"Was SIS International Research zum TOP-Marktforschungsunternehmen f\u00fcr Lebensmittelgeschmackstests in New York City macht\"  data-wpil-monitor-id=\"10772\">SIS meet and exceed your marketing research<\/a> needs. We\u2019ll make you our pet project.<\/p>\n\n\n\n<p><\/p>","protected":false},"excerpt":{"rendered":"<p>Die Marktforschung f\u00fcr Heimtierprodukte unterst\u00fctzt Unternehmen mit Methoden wie sozialen Medien, Apps, Verkaufsstrategien, neuen Inhaltsstoffen und mobiler Technologie beim Wachstum.<\/p>","protected":false},"author":1,"featured_media":63857,"parent":14514,"menu_order":13,"comment_status":"open","ping_status":"open","template":"","meta":{"footnotes":""},"class_list":["post-15100","page","type-page","status-publish","has-post-thumbnail"],"_links":{"self":[{"href":"https:\/\/www.sisinternational.com\/de\/wp-json\/wp\/v2\/pages\/15100","targetHints":{"allow":["GET"]}}],"collection":[{"href":"https:\/\/www.sisinternational.com\/de\/wp-json\/wp\/v2\/pages"}],"about":[{"href":"https:\/\/www.sisinternational.com\/de\/wp-json\/wp\/v2\/types\/page"}],"author":[{"embeddable":true,"href":"https:\/\/www.sisinternational.com\/de\/wp-json\/wp\/v2\/users\/1"}],"replies":[{"embeddable":true,"href":"https:\/\/www.sisinternational.com\/de\/wp-json\/wp\/v2\/comments?post=15100"}],"version-history":[{"count":8,"href":"https:\/\/www.sisinternational.com\/de\/wp-json\/wp\/v2\/pages\/15100\/revisions"}],"predecessor-version":[{"id":81766,"href":"https:\/\/www.sisinternational.com\/de\/wp-json\/wp\/v2\/pages\/15100\/revisions\/81766"}],"up":[{"embeddable":true,"href":"https:\/\/www.sisinternational.com\/de\/wp-json\/wp\/v2\/pages\/14514"}],"wp:featuredmedia":[{"embeddable":true,"href":"https:\/\/www.sisinternational.com\/de\/wp-json\/wp\/v2\/media\/63857"}],"wp:attachment":[{"href":"https:\/\/www.sisinternational.com\/de\/wp-json\/wp\/v2\/media?parent=15100"}],"curies":[{"name":"wp","href":"https:\/\/api.w.org\/{rel}","templated":true}]}}