{"id":14650,"date":"2015-03-15T06:46:09","date_gmt":"2015-03-15T06:46:09","guid":{"rendered":"https:\/\/www.sisinternational.com\/?page_id=14650"},"modified":"2025-09-12T19:20:46","modified_gmt":"2025-09-12T23:20:46","slug":"branding-und-kundenforschungslosungen","status":"publish","type":"page","link":"https:\/\/www.sisinternational.com\/de\/losungen\/branding-und-kundenforschungslosungen\/","title":{"rendered":"L\u00f6sungen f\u00fcr Branding und Kundenforschung"},"content":{"rendered":"<h1 class=\"wp-block-heading\">L\u00f6sungen f\u00fcr Branding und Kundenforschung<\/h1>\n\n\n\n<figure class=\"gb-block-image gb-block-image-eba6e7ca\"><img loading=\"lazy\" decoding=\"async\" width=\"1456\" height=\"816\" class=\"gb-image gb-image-eba6e7ca\" src=\"https:\/\/www.sisinternational.com\/wp-content\/uploads\/2025\/08\/Desk-research-5.jpg\" alt=\"SIS International Marktforschung &amp; Strategie\" title=\"Desk research (5)\" srcset=\"https:\/\/www.sisinternational.com\/wp-content\/uploads\/2025\/08\/Desk-research-5.jpg 1456w, https:\/\/www.sisinternational.com\/wp-content\/uploads\/2025\/08\/Desk-research-5-300x168.jpg 300w, https:\/\/www.sisinternational.com\/wp-content\/uploads\/2025\/08\/Desk-research-5-1024x574.jpg 1024w, https:\/\/www.sisinternational.com\/wp-content\/uploads\/2025\/08\/Desk-research-5-768x430.jpg 768w, https:\/\/www.sisinternational.com\/wp-content\/uploads\/2025\/08\/Desk-research-5-18x10.jpg 18w\" sizes=\"auto, (max-width: 1456px) 100vw, 1456px\"><\/figure>\n\n\n\n<p><\/p>\n\n\n\n<hr class=\"wp-block-separator has-alpha-channel-opacity is-style-dots\"\/>\n\n\n\n<p class=\"p1\">\n<!-- Page-list plugin v.5.9 wordpress.org\/plugins\/page-list\/ -->\n<div class=\"page-list page-list-ext page-list-cols-2\">\n<div class=\"page-list-ext-item\"><div class=\"page-list-ext-image\"><a href=\"https:\/\/www.sisinternational.com\/de\/losungen\/branding-und-kundenforschungslosungen\/marken-kundenforschung\/\" title=\"Branding Customer Research for Industrial Leaders\"><img decoding=\"async\" src=\"https:\/\/www.sisinternational.com\/wp-content\/uploads\/2025\/08\/Customer-shopping-2-150x150.jpg\" width=\"150\" alt=\"Branding Customer Research for Industrial Leaders\" \/><\/a><\/div> <h3 class=\"page-list-ext-title\"><a href=\"https:\/\/www.sisinternational.com\/de\/losungen\/branding-und-kundenforschungslosungen\/marken-kundenforschung\/\" title=\"Branding Customer Research for Industrial Leaders\">Branding Customer Research for Industrial Leaders<\/a><\/h3><div class=\"page-list-ext-item-content\">Durch Marken- und Kundenforschung werden neue Erkenntnisse gewonnen, die Engagement und Gewinn steigern k\u00f6nnen.<\/div><\/div>\n<div class=\"page-list-ext-item\"><h3 class=\"page-list-ext-title\"><a href=\"https:\/\/www.sisinternational.com\/de\/losungen\/branding-und-kundenforschungslosungen\/lebenszyklusverwaltung\/\" title=\"Lebenszyklus-Marktforschung\">Lebenszyklus-Marktforschung<\/a><\/h3><div class=\"page-list-ext-item-content\">Beim Lebenszyklusmanagement geht es darum, Elemente eines Produkts oder Kunden durch verschiedene Entwicklungsphasen zu verwalten.<\/div><\/div>\n<div class=\"page-list-ext-item\"><div class=\"page-list-ext-image\"><a href=\"https:\/\/www.sisinternational.com\/de\/losungen\/branding-und-kundenforschungslosungen\/abbildung-der-customer-journey\/\" title=\"Kundenreise-Mapping\"><img decoding=\"async\" src=\"https:\/\/www.sisinternational.com\/wp-content\/uploads\/2025\/08\/Retail-5-150x150.jpg\" width=\"150\" alt=\"Kundenreise-Mapping\" \/><\/a><\/div> <h3 class=\"page-list-ext-title\"><a href=\"https:\/\/www.sisinternational.com\/de\/losungen\/branding-und-kundenforschungslosungen\/abbildung-der-customer-journey\/\" title=\"Kundenreise-Mapping\">Kundenreise-Mapping<\/a><\/h3><div class=\"page-list-ext-item-content\">Journey Mapping identifiziert Wachstumschancen, Kundenzufriedenheit und Kundentreue. Erfahren Sie mehr \u00fcber Customer Journey Mapping.<\/div><\/div>\n<div class=\"page-list-ext-item\"><div class=\"page-list-ext-image\"><a href=\"https:\/\/www.sisinternational.com\/de\/losungen\/branding-und-kundenforschungslosungen\/einzelhandelsmarktforschung\/\" title=\"Retail Market Research: In-Store Intelligence | SIS\"><img decoding=\"async\" src=\"https:\/\/www.sisinternational.com\/wp-content\/uploads\/2025\/08\/Retail-22-150x150.jpg\" width=\"150\" alt=\"Retail Market Research: In-Store Intelligence | SIS\" \/><\/a><\/div> <h3 class=\"page-list-ext-title\"><a href=\"https:\/\/www.sisinternational.com\/de\/losungen\/branding-und-kundenforschungslosungen\/einzelhandelsmarktforschung\/\" title=\"Retail Market Research: In-Store Intelligence | SIS\">Retail Market Research: In-Store Intelligence | SIS<\/a><\/h3><div class=\"page-list-ext-item-content\">Wir f\u00fchren Ladenpr\u00fcfungen, Ladenbesuche, Shop-Alongs und ethnografische Interviews durch.<\/div><\/div>\n<div class=\"page-list-ext-item\"><div class=\"page-list-ext-image\"><a href=\"https:\/\/www.sisinternational.com\/de\/losungen\/branding-und-kundenforschungslosungen\/shoppen-mit-recherchieren\/\" title=\"Shop-Along-Marktforschung\"><img decoding=\"async\" src=\"https:\/\/www.sisinternational.com\/wp-content\/uploads\/2025\/08\/Supermarket-5-150x150.jpg\" width=\"150\" alt=\"Shop-Along-Marktforschung\" \/><\/a><\/div> <h3 class=\"page-list-ext-title\"><a href=\"https:\/\/www.sisinternational.com\/de\/losungen\/branding-und-kundenforschungslosungen\/shoppen-mit-recherchieren\/\" title=\"Shop-Along-Marktforschung\">Shop-Along-Marktforschung<\/a><\/h3><div class=\"page-list-ext-item-content\">Die Shop-Along-Marktforschung untersucht das tats\u00e4chliche Einkaufsverhalten und nicht das Verhalten, an das man sich im Nachhinein erinnert und \u00fcber das man berichtet.<\/div><\/div>\n<div class=\"page-list-ext-item\"><div class=\"page-list-ext-image\"><a href=\"https:\/\/www.sisinternational.com\/de\/losungen\/branding-und-kundenforschungslosungen\/ladenlayout-forschung\/\" title=\"Ladenlayout-Forschung\"><img decoding=\"async\" src=\"https:\/\/www.sisinternational.com\/wp-content\/uploads\/2025\/08\/Retail-26-150x150.jpg\" width=\"150\" alt=\"Ladenlayout-Forschung\" \/><\/a><\/div> <h3 class=\"page-list-ext-title\"><a href=\"https:\/\/www.sisinternational.com\/de\/losungen\/branding-und-kundenforschungslosungen\/ladenlayout-forschung\/\" title=\"Ladenlayout-Forschung\">Ladenlayout-Forschung<\/a><\/h3><div class=\"page-list-ext-item-content\">Entdecken Sie, wie Sie durch Store Layout Mapping Ihren Gewinn und die Kundenzufriedenheit maximieren k\u00f6nnen.<\/div><\/div>\n<div class=\"page-list-ext-item\"><div class=\"page-list-ext-image\"><a href=\"https:\/\/www.sisinternational.com\/de\/losungen\/branding-und-kundenforschungslosungen\/markenmarktforschung\/\" title=\"Brand Market Research for Industrial Leaders | SIS\"><img decoding=\"async\" src=\"https:\/\/www.sisinternational.com\/wp-content\/uploads\/2025\/08\/Retail-26-150x150.jpg\" width=\"150\" alt=\"Brand Market Research for Industrial Leaders | SIS\" \/><\/a><\/div> <h3 class=\"page-list-ext-title\"><a href=\"https:\/\/www.sisinternational.com\/de\/losungen\/branding-und-kundenforschungslosungen\/markenmarktforschung\/\" title=\"Brand Market Research for Industrial Leaders | SIS\">Brand Market Research for Industrial Leaders | SIS<\/a><\/h3><div class=\"page-list-ext-item-content\">Produkte entwickeln sich weiter, aber eine Marke lebt weiter. Entdecken Sie, wie Sie Ihre Marke mit Forschung und Strategie aufbauen. <\/div><\/div>\n<div class=\"page-list-ext-item\"><div class=\"page-list-ext-image\"><a href=\"https:\/\/www.sisinternational.com\/de\/losungen\/branding-und-kundenforschungslosungen\/videoethnographieforschung\/\" title=\"Video-Ethnographie-Forschung\"><img decoding=\"async\" src=\"https:\/\/www.sisinternational.com\/wp-content\/uploads\/2025\/08\/Online-focus-group-11-1-150x150.jpg\" width=\"150\" alt=\"Video-Ethnographie-Forschung\" \/><\/a><\/div> <h3 class=\"page-list-ext-title\"><a href=\"https:\/\/www.sisinternational.com\/de\/losungen\/branding-und-kundenforschungslosungen\/videoethnographieforschung\/\" title=\"Video-Ethnographie-Forschung\">Video-Ethnographie-Forschung<\/a><\/h3><div class=\"page-list-ext-item-content\">SIS f\u00fchrt Videoethnographie mit Verbrauchern auf der ganzen Welt durch. Auf diese Weise k\u00f6nnen Sie schnell Videointerviews und In-Home-Video-Feedback aus aller Welt erhalten. <\/div><\/div>\n<div class=\"page-list-ext-item\"><div class=\"page-list-ext-image\"><a href=\"https:\/\/www.sisinternational.com\/de\/losungen\/branding-und-kundenforschungslosungen\/rebranding-marktforschung\/\" title=\"Rebranding Marktforschung\"><img decoding=\"async\" src=\"https:\/\/www.sisinternational.com\/wp-content\/uploads\/2025\/08\/Marketing-45-4-150x150.jpg\" width=\"150\" alt=\"Rebranding Marktforschung\" \/><\/a><\/div> <h3 class=\"page-list-ext-title\"><a href=\"https:\/\/www.sisinternational.com\/de\/losungen\/branding-und-kundenforschungslosungen\/rebranding-marktforschung\/\" title=\"Rebranding Marktforschung\">Rebranding Marktforschung<\/a><\/h3><div class=\"page-list-ext-item-content\">Starke Marken \u00fcbertreffen die Marken der Konkurrenz. Was passiert, wenn Ihre Marke altert oder veraltet? Wir bieten die Forschung, um Marken neu zu erfinden. <\/div><\/div>\n<div class=\"page-list-ext-item\"><div class=\"page-list-ext-image\"><a href=\"https:\/\/www.sisinternational.com\/de\/losungen\/branding-und-kundenforschungslosungen\/influencer-marktforschung\/\" title=\"Influencer Market Research for B2B Industrial Markets\"><img decoding=\"async\" src=\"https:\/\/www.sisinternational.com\/wp-content\/uploads\/2025\/08\/Social-media-1-150x150.jpg\" width=\"150\" alt=\"Influencer Market Research for B2B Industrial Markets\" \/><\/a><\/div> <h3 class=\"page-list-ext-title\"><a href=\"https:\/\/www.sisinternational.com\/de\/losungen\/branding-und-kundenforschungslosungen\/influencer-marktforschung\/\" title=\"Influencer Market Research for B2B Industrial Markets\">Influencer Market Research for B2B Industrial Markets<\/a><\/h3><div class=\"page-list-ext-item-content\">Influencer sind soziale Vorbilder, die eine gro\u00dfe Fangemeinde und Community aufbauen. Erfahren Sie mehr dar\u00fcber, wie wir Sie mit Influencern weltweit verbinden.<\/div><\/div>\n<div class=\"page-list-ext-item\"><div class=\"page-list-ext-image\"><a href=\"https:\/\/www.sisinternational.com\/de\/losungen\/branding-und-kundenforschungslosungen\/omnichannel-marktforschung\/\" title=\"Omnichannel-Marktforschung\"><img decoding=\"async\" src=\"https:\/\/www.sisinternational.com\/wp-content\/uploads\/2025\/08\/Smarrtphone-5g-11-150x150.jpg\" width=\"150\" alt=\"Omnichannel-Marktforschung\" \/><\/a><\/div> <h3 class=\"page-list-ext-title\"><a href=\"https:\/\/www.sisinternational.com\/de\/losungen\/branding-und-kundenforschungslosungen\/omnichannel-marktforschung\/\" title=\"Omnichannel-Marktforschung\">Omnichannel-Marktforschung<\/a><\/h3><div class=\"page-list-ext-item-content\">Durch die Optimierung mehrerer Kundenkontaktpunkte ergeben sich neue Chancen zur Kundenbindung und Rentabilit\u00e4t.<\/div><\/div>\n<div class=\"page-list-ext-item\"><div class=\"page-list-ext-image\"><a href=\"https:\/\/www.sisinternational.com\/de\/losungen\/branding-und-kundenforschungslosungen\/marktforschung-zur-kundengewinnung\/\" title=\"Marktforschung zur Kundengewinnung\"><img decoding=\"async\" src=\"https:\/\/www.sisinternational.com\/wp-content\/uploads\/2025\/08\/Customer-shopping-1-150x150.jpg\" width=\"150\" alt=\"Marktforschung zur Kundengewinnung\" \/><\/a><\/div> <h3 class=\"page-list-ext-title\"><a href=\"https:\/\/www.sisinternational.com\/de\/losungen\/branding-und-kundenforschungslosungen\/marktforschung-zur-kundengewinnung\/\" title=\"Marktforschung zur Kundengewinnung\">Marktforschung zur Kundengewinnung<\/a><\/h3><div class=\"page-list-ext-item-content\">Wir bieten Marktforschung zur Kundengewinnung an, um Ihnen bei der Suche nach neuen Kunden und der Steigerung Ihres Umsatzes zu helfen.<\/div><\/div>\n<div class=\"page-list-ext-item\"><div class=\"page-list-ext-image\"><a href=\"https:\/\/www.sisinternational.com\/de\/losungen\/branding-und-kundenforschungslosungen\/storytelling-marktforschung\/\" title=\"Story Telling Market Research for Industrial Leaders\"><img decoding=\"async\" src=\"https:\/\/www.sisinternational.com\/wp-content\/uploads\/2025\/08\/Interview-3-150x150.jpg\" width=\"150\" alt=\"Story Telling Market Research for Industrial Leaders\" \/><\/a><\/div> <h3 class=\"page-list-ext-title\"><a href=\"https:\/\/www.sisinternational.com\/de\/losungen\/branding-und-kundenforschungslosungen\/storytelling-marktforschung\/\" title=\"Story Telling Market Research for Industrial Leaders\">Story Telling Market Research for Industrial Leaders<\/a><\/h3><div class=\"page-list-ext-item-content\">Entdecken Sie, wie Storytelling-Marktforschung Ihre Leistung steigern kann.<\/div><\/div>\n<div class=\"page-list-ext-item\"><div class=\"page-list-ext-image\"><a href=\"https:\/\/www.sisinternational.com\/de\/losungen\/branding-und-kundenforschungslosungen\/kundenzentrierte-marktforschung\/\" title=\"Marktforschung zur Kundenzentrierung\"><img decoding=\"async\" src=\"https:\/\/www.sisinternational.com\/wp-content\/uploads\/2025\/08\/Digital-Customer-Experience-2-150x150.jpg\" width=\"150\" alt=\"Marktforschung zur Kundenzentrierung\" \/><\/a><\/div> <h3 class=\"page-list-ext-title\"><a href=\"https:\/\/www.sisinternational.com\/de\/losungen\/branding-und-kundenforschungslosungen\/kundenzentrierte-marktforschung\/\" title=\"Marktforschung zur Kundenzentrierung\">Marktforschung zur Kundenzentrierung<\/a><\/h3><div class=\"page-list-ext-item-content\">Entdecken Sie, wie Customer Centricity Market Research Ihr Unternehmen ver\u00e4ndern kann.<\/div><\/div>\n<div class=\"page-list-ext-item\"><div class=\"page-list-ext-image\"><a href=\"https:\/\/www.sisinternational.com\/de\/losungen\/branding-und-kundenforschungslosungen\/was-ist-influencer-marketing\/\" title=\"Was ist Influencer-Marketing? Social-Media-Marketing?\"><img decoding=\"async\" src=\"https:\/\/www.sisinternational.com\/wp-content\/uploads\/2025\/08\/Optimizing-Multi-Channel-Marketing-Strategies-3-150x150.jpg\" width=\"150\" alt=\"Was ist Influencer-Marketing? Social-Media-Marketing?\" \/><\/a><\/div> <h3 class=\"page-list-ext-title\"><a href=\"https:\/\/www.sisinternational.com\/de\/losungen\/branding-und-kundenforschungslosungen\/was-ist-influencer-marketing\/\" title=\"Was ist Influencer-Marketing? Social-Media-Marketing?\">Was ist Influencer-Marketing? Social-Media-Marketing?<\/a><\/h3><div class=\"page-list-ext-item-content\">Kontaktieren Sie uns noch heute, um Ihre Influencer-Marketing-Kampagne zum Leben zu erwecken und mit den Zielgruppen in Kontakt zu treten, die Ihre Produkte am meisten sch\u00e4tzen.<\/div><\/div>\n<div class=\"page-list-ext-item\"><div class=\"page-list-ext-image\"><a href=\"https:\/\/www.sisinternational.com\/de\/losungen\/branding-und-kundenforschungslosungen\/verpackungsmarktforschung\/\" title=\"Packaging Market Research: How Leaders Win\"><img decoding=\"async\" src=\"https:\/\/www.sisinternational.com\/wp-content\/uploads\/2025\/08\/Food-packaging-2-150x150.jpg\" width=\"150\" alt=\"Packaging Market Research: How Leaders Win\" \/><\/a><\/div> <h3 class=\"page-list-ext-title\"><a href=\"https:\/\/www.sisinternational.com\/de\/losungen\/branding-und-kundenforschungslosungen\/verpackungsmarktforschung\/\" title=\"Packaging Market Research: How Leaders Win\">Packaging Market Research: How Leaders Win<\/a><\/h3><div class=\"page-list-ext-item-content\">\nPackaging  Market Research \n \n \n \nPackaging is also known as the packing function. Another way to look at it is as the art of placing and protecting products for storage, sale, delivery, and use. In other words, packaging prepares products for storage...<\/div><\/div>\n<div class=\"page-list-ext-item\"><div class=\"page-list-ext-image\"><a href=\"https:\/\/www.sisinternational.com\/de\/losungen\/branding-und-kundenforschungslosungen\/markendifferenzierung-marktforschung\/\" title=\"Brand Differentiation Market Research for B2B Leaders\"><img decoding=\"async\" src=\"https:\/\/www.sisinternational.com\/wp-content\/uploads\/2025\/08\/Strategy-consulting-10-150x150.jpg\" width=\"150\" alt=\"Brand Differentiation Market Research for B2B Leaders\" \/><\/a><\/div> <h3 class=\"page-list-ext-title\"><a href=\"https:\/\/www.sisinternational.com\/de\/losungen\/branding-und-kundenforschungslosungen\/markendifferenzierung-marktforschung\/\" title=\"Brand Differentiation Market Research for B2B Leaders\">Brand Differentiation Market Research for B2B Leaders<\/a><\/h3><div class=\"page-list-ext-item-content\">Der gr\u00f6\u00dfte Vorteil der Marktforschung zur Markendifferenzierung liegt in der Preiswahrnehmung. Marken k\u00f6nnen ihre Kunden gegen\u00fcber h\u00f6heren Preisen desensibilisieren.<\/div><\/div>\n<div class=\"page-list-ext-item\"><div class=\"page-list-ext-image\"><a href=\"https:\/\/www.sisinternational.com\/de\/losungen\/branding-und-kundenforschungslosungen\/marktforschung-zur-markenpositionierung\/\" title=\"Brand Positioning Market Research for Industrial Leaders\"><img decoding=\"async\" src=\"https:\/\/www.sisinternational.com\/wp-content\/uploads\/2025\/08\/Strategy-consulting-11-150x150.jpg\" width=\"150\" alt=\"Brand Positioning Market Research for Industrial Leaders\" \/><\/a><\/div> <h3 class=\"page-list-ext-title\"><a href=\"https:\/\/www.sisinternational.com\/de\/losungen\/branding-und-kundenforschungslosungen\/marktforschung-zur-markenpositionierung\/\" title=\"Brand Positioning Market Research for Industrial Leaders\">Brand Positioning Market Research for Industrial Leaders<\/a><\/h3><div class=\"page-list-ext-item-content\">Bei der Markenpositionierung geht es um den einzigartigen Wert, den eine Marke ihren Kunden bietet. Sie zeigt, was Ihre Marke von der Konkurrenz unterscheidet.<\/div><\/div>\n<div class=\"page-list-ext-item\"><div class=\"page-list-ext-image\"><a href=\"https:\/\/www.sisinternational.com\/de\/losungen\/branding-und-kundenforschungslosungen\/markentracking-marktforschung\/\" title=\"Brand Tracking Market Research for Industrial Leaders\"><img decoding=\"async\" src=\"https:\/\/www.sisinternational.com\/wp-content\/uploads\/2025\/08\/Marketing-45-3-150x150.jpg\" width=\"150\" alt=\"Brand Tracking Market Research for Industrial Leaders\" \/><\/a><\/div> <h3 class=\"page-list-ext-title\"><a href=\"https:\/\/www.sisinternational.com\/de\/losungen\/branding-und-kundenforschungslosungen\/markentracking-marktforschung\/\" title=\"Brand Tracking Market Research for Industrial Leaders\">Brand Tracking Market Research for Industrial Leaders<\/a><\/h3><div class=\"page-list-ext-item-content\">Die Marktforschung zum Markentracking unterst\u00fctzt Gesch\u00e4ftsmarken durch die Durchf\u00fchrung von Umfragen, Interviews sowie qualitativen und quantitativen Forschungsmethoden.<\/div><\/div>\n<div class=\"page-list-ext-item\"><div class=\"page-list-ext-image\"><a href=\"https:\/\/www.sisinternational.com\/de\/losungen\/branding-und-kundenforschungslosungen\/marktforschung-zur-markenerweiterung\/\" title=\"Brand Extension Market Research for Industrial Leaders\"><img decoding=\"async\" src=\"https:\/\/www.sisinternational.com\/wp-content\/uploads\/2025\/09\/Branding-4-150x150.jpg\" width=\"150\" alt=\"Brand Extension Market Research for Industrial Leaders\" \/><\/a><\/div> <h3 class=\"page-list-ext-title\"><a href=\"https:\/\/www.sisinternational.com\/de\/losungen\/branding-und-kundenforschungslosungen\/marktforschung-zur-markenerweiterung\/\" title=\"Brand Extension Market Research for Industrial Leaders\">Brand Extension Market Research for Industrial Leaders<\/a><\/h3><div class=\"page-list-ext-item-content\">Unternehmen k\u00f6nnen durch die Durchf\u00fchrung umfassender Marktforschung zur Markenerweiterung wertvolle Erkenntnisse \u00fcber die Expansion in andere Regionen gewinnen.<\/div><\/div>\n<div class=\"page-list-ext-item\"><div class=\"page-list-ext-image\"><a href=\"https:\/\/www.sisinternational.com\/de\/losungen\/branding-und-kundenforschungslosungen\/markenmessung-marktforschung\/\" title=\"Brand Measurement Market Research for Industrial Leaders\"><img decoding=\"async\" src=\"https:\/\/www.sisinternational.com\/wp-content\/uploads\/2025\/09\/Branding-2-150x150.jpg\" width=\"150\" alt=\"Brand Measurement Market Research for Industrial Leaders\" \/><\/a><\/div> <h3 class=\"page-list-ext-title\"><a href=\"https:\/\/www.sisinternational.com\/de\/losungen\/branding-und-kundenforschungslosungen\/markenmessung-marktforschung\/\" title=\"Brand Measurement Market Research for Industrial Leaders\">Brand Measurement Market Research for Industrial Leaders<\/a><\/h3><div class=\"page-list-ext-item-content\">Die Marktforschung zur Markenmessung ist der Schl\u00fcssel zur Verbesserung der Markenwahrnehmung und zur F\u00f6rderung der Kundentreue zur F\u00f6rderung des Gesch\u00e4ftswachstums.<\/div><\/div>\n<div class=\"page-list-ext-item\"><div class=\"page-list-ext-image\"><a href=\"https:\/\/www.sisinternational.com\/de\/losungen\/branding-und-kundenforschungslosungen\/kundenbasiertes-markenwertmodell-marktforschung\/\" title=\"Customer Based Brand Equity Model Market Research\"><img decoding=\"async\" src=\"https:\/\/www.sisinternational.com\/wp-content\/uploads\/2025\/08\/Retail-18-150x150.jpg\" width=\"150\" alt=\"Customer Based Brand Equity Model Market Research\" \/><\/a><\/div> <h3 class=\"page-list-ext-title\"><a href=\"https:\/\/www.sisinternational.com\/de\/losungen\/branding-und-kundenforschungslosungen\/kundenbasiertes-markenwertmodell-marktforschung\/\" title=\"Customer Based Brand Equity Model Market Research\">Customer Based Brand Equity Model Market Research<\/a><\/h3><div class=\"page-list-ext-item-content\">\nCustomer-Based Brand Equity Model Market Research  \n \n \nHow can brands ensure they truly resonate with their customers? The success of any brand hinges on how well it resonates with its customers \u2013 customer-based brand equity  (CBBE) model market research  ...<\/div><\/div>\n\n<\/div><\/p>","protected":false},"excerpt":{"rendered":"<p>Die Schaffung einer einzigartigen Markenidentit\u00e4t ist unerl\u00e4sslich.  Wir bieten Einblicke, Werkzeuge und Strategien f\u00fcr den Aufbau Ihrer Marke.<\/p>","protected":false},"author":1,"featured_media":62802,"parent":14457,"menu_order":6,"comment_status":"open","ping_status":"open","template":"","meta":{"footnotes":""},"class_list":["post-14650","page","type-page","status-publish","has-post-thumbnail"],"_links":{"self":[{"href":"https:\/\/www.sisinternational.com\/de\/wp-json\/wp\/v2\/pages\/14650","targetHints":{"allow":["GET"]}}],"collection":[{"href":"https:\/\/www.sisinternational.com\/de\/wp-json\/wp\/v2\/pages"}],"about":[{"href":"https:\/\/www.sisinternational.com\/de\/wp-json\/wp\/v2\/types\/page"}],"author":[{"embeddable":true,"href":"https:\/\/www.sisinternational.com\/de\/wp-json\/wp\/v2\/users\/1"}],"replies":[{"embeddable":true,"href":"https:\/\/www.sisinternational.com\/de\/wp-json\/wp\/v2\/comments?post=14650"}],"version-history":[{"count":7,"href":"https:\/\/www.sisinternational.com\/de\/wp-json\/wp\/v2\/pages\/14650\/revisions"}],"predecessor-version":[{"id":63437,"href":"https:\/\/www.sisinternational.com\/de\/wp-json\/wp\/v2\/pages\/14650\/revisions\/63437"}],"up":[{"embeddable":true,"href":"https:\/\/www.sisinternational.com\/de\/wp-json\/wp\/v2\/pages\/14457"}],"wp:featuredmedia":[{"embeddable":true,"href":"https:\/\/www.sisinternational.com\/de\/wp-json\/wp\/v2\/media\/62802"}],"wp:attachment":[{"href":"https:\/\/www.sisinternational.com\/de\/wp-json\/wp\/v2\/media?parent=14650"}],"curies":[{"name":"wp","href":"https:\/\/api.w.org\/{rel}","templated":true}]}}