{"id":14459,"date":"2015-02-25T16:34:06","date_gmt":"2015-02-25T16:34:06","guid":{"rendered":"https:\/\/www.sisinternational.com\/?page_id=14459"},"modified":"2025-09-07T19:43:27","modified_gmt":"2025-09-07T23:43:27","slug":"innovation","status":"publish","type":"page","link":"https:\/\/www.sisinternational.com\/de\/losungen\/innovation\/","title":{"rendered":"Innovationsforschung"},"content":{"rendered":"<h1 class=\"wp-block-heading\">Innovationsforschung<\/h1>\n\n\n\n<figure class=\"gb-block-image gb-block-image-687c103c\"><img loading=\"lazy\" decoding=\"async\" width=\"1456\" height=\"816\" class=\"gb-image gb-image-687c103c\" src=\"https:\/\/www.sisinternational.com\/wp-content\/uploads\/2025\/08\/Tech-19.jpg\" alt=\"SIS International Marktforschung &amp; Strategie\" title=\"Tech (19)\" srcset=\"https:\/\/www.sisinternational.com\/wp-content\/uploads\/2025\/08\/Tech-19.jpg 1456w, https:\/\/www.sisinternational.com\/wp-content\/uploads\/2025\/08\/Tech-19-300x168.jpg 300w, https:\/\/www.sisinternational.com\/wp-content\/uploads\/2025\/08\/Tech-19-1024x574.jpg 1024w, https:\/\/www.sisinternational.com\/wp-content\/uploads\/2025\/08\/Tech-19-768x430.jpg 768w, https:\/\/www.sisinternational.com\/wp-content\/uploads\/2025\/08\/Tech-19-18x10.jpg 18w\" sizes=\"auto, (max-width: 1456px) 100vw, 1456px\"><\/figure>\n\n\n\n<p><\/p>\n\n\n\n<h2 class=\"wp-block-heading\">Unsere L\u00f6sungen<\/h2>\n\n\n\n<p class=\"p1\">\n<!-- Page-list plugin v.5.9 wordpress.org\/plugins\/page-list\/ -->\n<div class=\"page-list page-list-ext page-list-cols-2\">\n<div class=\"page-list-ext-item\"><div class=\"page-list-ext-image\"><a href=\"https:\/\/www.sisinternational.com\/de\/losungen\/innovation\/technologie-intelligenz\/\" title=\"Technologie- und IT-Marktforschung\"><img decoding=\"async\" src=\"https:\/\/www.sisinternational.com\/wp-content\/uploads\/2025\/08\/Tech-6-150x150.jpg\" width=\"150\" alt=\"Technologie- und IT-Marktforschung\" \/><\/a><\/div> <h3 class=\"page-list-ext-title\"><a href=\"https:\/\/www.sisinternational.com\/de\/losungen\/innovation\/technologie-intelligenz\/\" title=\"Technologie- und IT-Marktforschung\">Technologie- und IT-Marktforschung<\/a><\/h3><div class=\"page-list-ext-item-content\">Die Technologiemarktforschung analysiert die Chancen und Risiken, die sich auf das Wachstum und das \u00dcberleben Ihres Unternehmens auswirken.<\/div><\/div>\n<div class=\"page-list-ext-item\"><div class=\"page-list-ext-image\"><a href=\"https:\/\/www.sisinternational.com\/de\/losungen\/innovation\/ideenfindungs-workshops\/\" title=\"Ideenforschung\"><img decoding=\"async\" src=\"https:\/\/www.sisinternational.com\/wp-content\/uploads\/2025\/08\/Desk-research-3-150x150.jpg\" width=\"150\" alt=\"Ideenforschung\" \/><\/a><\/div> <h3 class=\"page-list-ext-title\"><a href=\"https:\/\/www.sisinternational.com\/de\/losungen\/innovation\/ideenfindungs-workshops\/\" title=\"Ideenforschung\">Ideenforschung<\/a><\/h3><div class=\"page-list-ext-item-content\">Ideenforschung f\u00fchrt zur Entwicklung verbesserter und bisher ungeahnter neuer Produkte. Die Teilnehmer liefern bahnbrechende Erkenntnisse.<\/div><\/div>\n<div class=\"page-list-ext-item\"><div class=\"page-list-ext-image\"><a href=\"https:\/\/www.sisinternational.com\/de\/losungen\/innovation\/designdenken\/\" title=\"Design Thinking Marktforschung\"><img decoding=\"async\" src=\"https:\/\/www.sisinternational.com\/wp-content\/uploads\/2025\/08\/Creativity-22-150x150.jpg\" width=\"150\" alt=\"Design Thinking Marktforschung\" \/><\/a><\/div> <h3 class=\"page-list-ext-title\"><a href=\"https:\/\/www.sisinternational.com\/de\/losungen\/innovation\/designdenken\/\" title=\"Design Thinking Marktforschung\">Design Thinking Marktforschung<\/a><\/h3><div class=\"page-list-ext-item-content\">Design Thinking beginnt mit dem pr\u00e4zisen Ziel, ein Problem f\u00fcr den Kunden zu l\u00f6sen. <\/div><\/div>\n<div class=\"page-list-ext-item\"><div class=\"page-list-ext-image\"><a href=\"https:\/\/www.sisinternational.com\/de\/losungen\/innovation\/nicht-kunden-marktforschung\/\" title=\"Nicht-Kunden-Marktforschung\"><img decoding=\"async\" src=\"https:\/\/www.sisinternational.com\/wp-content\/uploads\/2025\/08\/Customer-goods-1-150x150.jpg\" width=\"150\" alt=\"Nicht-Kunden-Marktforschung\" \/><\/a><\/div> <h3 class=\"page-list-ext-title\"><a href=\"https:\/\/www.sisinternational.com\/de\/losungen\/innovation\/nicht-kunden-marktforschung\/\" title=\"Nicht-Kunden-Marktforschung\">Nicht-Kunden-Marktforschung<\/a><\/h3><div class=\"page-list-ext-item-content\">Wir bieten Marktforschung au\u00dferhalb des Kundenbereichs an, um topaktuelle Erkenntnisse f\u00fcr Innovationen bereitzustellen.<\/div><\/div>\n<div class=\"page-list-ext-item\"><div class=\"page-list-ext-image\"><a href=\"https:\/\/www.sisinternational.com\/de\/losungen\/innovation\/agile-marktforschung\/\" title=\"Agile Marktforschung\"><img decoding=\"async\" src=\"https:\/\/www.sisinternational.com\/wp-content\/uploads\/2025\/08\/Strategy-consulting-36-150x150.jpg\" width=\"150\" alt=\"Agile Marktforschung\" \/><\/a><\/div> <h3 class=\"page-list-ext-title\"><a href=\"https:\/\/www.sisinternational.com\/de\/losungen\/innovation\/agile-marktforschung\/\" title=\"Agile Marktforschung\">Agile Marktforschung<\/a><\/h3><div class=\"page-list-ext-item-content\">Entdecken Sie, wie Sie Ihr Unternehmen mithilfe von Forschung und Daten agiler machen k\u00f6nnen.<\/div><\/div>\n<div class=\"page-list-ext-item\"><div class=\"page-list-ext-image\"><a href=\"https:\/\/www.sisinternational.com\/de\/losungen\/innovation\/wie-man-ein-unternehmen-skaliert\/\" title=\"So skalieren Sie ein Unternehmen | Exponentielles Wachstum erreichen\"><img decoding=\"async\" src=\"https:\/\/www.sisinternational.com\/wp-content\/uploads\/2025\/08\/CEO-woman-business-woman-10-150x150.jpg\" width=\"150\" alt=\"So skalieren Sie ein Unternehmen | Exponentielles Wachstum erreichen\" \/><\/a><\/div> <h3 class=\"page-list-ext-title\"><a href=\"https:\/\/www.sisinternational.com\/de\/losungen\/innovation\/wie-man-ein-unternehmen-skaliert\/\" title=\"So skalieren Sie ein Unternehmen | Exponentielles Wachstum erreichen\">So skalieren Sie ein Unternehmen | Exponentielles Wachstum erreichen<\/a><\/h3><div class=\"page-list-ext-item-content\">Hier sind 16 M\u00f6glichkeiten, Ihr Gesch\u00e4ft zu skalieren. Erweitern Sie Ihr Gesch\u00e4ft und seien Sie erfolgreich.<\/div><\/div>\n<div class=\"page-list-ext-item\"><div class=\"page-list-ext-image\"><a href=\"https:\/\/www.sisinternational.com\/de\/losungen\/innovation\/verhaltensokonomie-in-der-marktforschung\/\" title=\"Verhaltens\u00f6konomie in der Marktforschung\"><img decoding=\"async\" src=\"https:\/\/www.sisinternational.com\/wp-content\/uploads\/2025\/08\/Statistics-3-150x150.jpg\" width=\"150\" alt=\"Verhaltens\u00f6konomie in der Marktforschung\" \/><\/a><\/div> <h3 class=\"page-list-ext-title\"><a href=\"https:\/\/www.sisinternational.com\/de\/losungen\/innovation\/verhaltensokonomie-in-der-marktforschung\/\" title=\"Verhaltens\u00f6konomie in der Marktforschung\">Verhaltens\u00f6konomie in der Marktforschung<\/a><\/h3><div class=\"page-list-ext-item-content\">Entdecken Sie, wie verhaltens\u00f6konomische Marktforschung Ihre Leistung steigern kann.<\/div><\/div>\n<div class=\"page-list-ext-item\"><div class=\"page-list-ext-image\"><a href=\"https:\/\/www.sisinternational.com\/de\/losungen\/innovation\/deep-learning-marktforschung\/\" title=\"Deep Learning Marktforschung\"><img decoding=\"async\" src=\"https:\/\/www.sisinternational.com\/wp-content\/uploads\/2025\/08\/Deep-learning-machine-learning-42-150x150.jpg\" width=\"150\" alt=\"Deep Learning Marktforschung\" \/><\/a><\/div> <h3 class=\"page-list-ext-title\"><a href=\"https:\/\/www.sisinternational.com\/de\/losungen\/innovation\/deep-learning-marktforschung\/\" title=\"Deep Learning Marktforschung\">Deep Learning Marktforschung<\/a><\/h3><div class=\"page-list-ext-item-content\">\nDeep Learning Market Research \n\n\n\n \n\n\n\n \n\n\n\nWhat is Deep Learning? \n\n\n\nDeep Learning is part of Machine Learning. The goal of Deep Learning is to make Artificial Intelligence smarter. It does this by copying the way that the human brain learns. The human...<\/div><\/div>\n<div class=\"page-list-ext-item\"><div class=\"page-list-ext-image\"><a href=\"https:\/\/www.sisinternational.com\/de\/losungen\/innovation\/genetik-marktforschung\/\" title=\"Genetik-Marktforschung\"><img decoding=\"async\" src=\"https:\/\/www.sisinternational.com\/wp-content\/uploads\/2025\/09\/DNA-Genetics-27-150x150.jpg\" width=\"150\" alt=\"Genetik-Marktforschung\" \/><\/a><\/div> <h3 class=\"page-list-ext-title\"><a href=\"https:\/\/www.sisinternational.com\/de\/losungen\/innovation\/genetik-marktforschung\/\" title=\"Genetik-Marktforschung\">Genetik-Marktforschung<\/a><\/h3><div class=\"page-list-ext-item-content\">\nGenetics Market Research \n\n\n\n \n\n\n\n \n\n\n\nWhat Is Genetics? \n\n\n\nGenetics is an area of biology that studies all life forms. It includes DNA, how genes form, and how plants and animals inherit those genes. It looks at how organisms pass genes and traits...<\/div><\/div>\n\n<\/div><\/p>","protected":false},"excerpt":{"rendered":"<p>Innovationsforschung bedeutet, nach L\u00f6sungen zu suchen - entweder f\u00fcr bekannte oder manchmal auch f\u00fcr unbestimmte Bed\u00fcrfnisse.<\/p>","protected":false},"author":1,"featured_media":62736,"parent":14457,"menu_order":4,"comment_status":"open","ping_status":"open","template":"","meta":{"footnotes":""},"class_list":["post-14459","page","type-page","status-publish","has-post-thumbnail"],"_links":{"self":[{"href":"https:\/\/www.sisinternational.com\/de\/wp-json\/wp\/v2\/pages\/14459","targetHints":{"allow":["GET"]}}],"collection":[{"href":"https:\/\/www.sisinternational.com\/de\/wp-json\/wp\/v2\/pages"}],"about":[{"href":"https:\/\/www.sisinternational.com\/de\/wp-json\/wp\/v2\/types\/page"}],"author":[{"embeddable":true,"href":"https:\/\/www.sisinternational.com\/de\/wp-json\/wp\/v2\/users\/1"}],"replies":[{"embeddable":true,"href":"https:\/\/www.sisinternational.com\/de\/wp-json\/wp\/v2\/comments?post=14459"}],"version-history":[{"count":9,"href":"https:\/\/www.sisinternational.com\/de\/wp-json\/wp\/v2\/pages\/14459\/revisions"}],"predecessor-version":[{"id":67345,"href":"https:\/\/www.sisinternational.com\/de\/wp-json\/wp\/v2\/pages\/14459\/revisions\/67345"}],"up":[{"embeddable":true,"href":"https:\/\/www.sisinternational.com\/de\/wp-json\/wp\/v2\/pages\/14457"}],"wp:featuredmedia":[{"embeddable":true,"href":"https:\/\/www.sisinternational.com\/de\/wp-json\/wp\/v2\/media\/62736"}],"wp:attachment":[{"href":"https:\/\/www.sisinternational.com\/de\/wp-json\/wp\/v2\/media?parent=14459"}],"curies":[{"name":"wp","href":"https:\/\/api.w.org\/{rel}","templated":true}]}}