{"id":14285,"date":"2015-02-13T10:58:33","date_gmt":"2015-02-13T10:58:33","guid":{"rendered":"https:\/\/www.sisinternational.com\/?page_id=14285"},"modified":"2025-09-05T22:14:32","modified_gmt":"2025-09-06T02:14:32","slug":"dentalmarktforschung","status":"publish","type":"page","link":"https:\/\/www.sisinternational.com\/de\/sachverstand\/dentalmarktforschung\/","title":{"rendered":"Dentalmarktforschung"},"content":{"rendered":"<h1 class=\"wp-block-heading\">Dentalmarktforschung<\/h1>\n\n\n\n<figure class=\"gb-block-image gb-block-image-2b3124a0\"><img loading=\"lazy\" decoding=\"async\" width=\"1456\" height=\"816\" class=\"gb-image gb-image-2b3124a0\" src=\"https:\/\/www.sisinternational.com\/wp-content\/uploads\/2025\/08\/Pharmaceutical-25.jpg\" alt=\"SIS International Marktforschung &amp; Strategie\" title=\"Pharmaceutical (25)\" srcset=\"https:\/\/www.sisinternational.com\/wp-content\/uploads\/2025\/08\/Pharmaceutical-25.jpg 1456w, https:\/\/www.sisinternational.com\/wp-content\/uploads\/2025\/08\/Pharmaceutical-25-300x168.jpg 300w, https:\/\/www.sisinternational.com\/wp-content\/uploads\/2025\/08\/Pharmaceutical-25-1024x574.jpg 1024w, https:\/\/www.sisinternational.com\/wp-content\/uploads\/2025\/08\/Pharmaceutical-25-768x430.jpg 768w, https:\/\/www.sisinternational.com\/wp-content\/uploads\/2025\/08\/Pharmaceutical-25-18x10.jpg 18w\" sizes=\"auto, (max-width: 1456px) 100vw, 1456px\"><\/figure>\n\n\n\n<p><\/p>\n\n\n\n<h2 class=\"wp-block-heading p1\">Die globale Dentalindustrie ist eine Multimilliarden-Dollar-Industrie.<\/h2>\n\n\n\n<p class=\"p1\">In vielen Teilen der Welt befinden sich die Volkswirtschaften im Aufschwung, und das gilt auch f\u00fcr die Dentalbranche. Ausl\u00f6ser sind die alternde Weltbev\u00f6lkerung, ein gestiegenes Wissen \u00fcber Mundgesundheit und eine steigende Nachfrage nach kosmetischer Zahnheilkunde.<\/p>\n\n\n\n<p class=\"p1\">Da die Menschen mehr Geld ausgeben k\u00f6nnen, ist es nur nat\u00fcrlich, dass sie wieder zu ihren Zahn\u00e4rzten gehen, die wiederum mehr Verbrauchsmaterial, Ger\u00e4te und Labordienstleistungen f\u00fcr ihre Praxen ben\u00f6tigen.<\/p>\n\n\n\n<h2 class=\"wp-block-heading p1\">Chancen im Dentalmarkt<\/h2>\n\n\n\n<p class=\"p1\">Dental Supply businesses are focusing on new global markets (Asia-Pacific is of prime interest), innovative products for pain alleviation, and orthodontic applications that increase revenues. New dental materials and computer-assisted manufacturing technologies are also showing profit-generating potential. In dental practices, mobile optimization, heightened social media presence, and citations are increasingly important for appointment booking. In addition, the creation of premium web content and placement in local internet directories are also critical in maintaining a profitable practice in the <a href=\"https:\/\/www.sisinternational.com\/de\/digitaler-werbemarkt\/\" title=\"Marketing und Werbung im digitalen Zeitalter\"  data-wpil-monitor-id=\"9023\">digital marketing age<\/a>.<\/p>\n\n\n\n<h2 class=\"wp-block-heading\">Marktforschungsmethoden<\/h2>\n\n\n\n<p>SIS conducts Dental Market Research, particularly in-person or video ethnographic interviews with consumers worldwide.&nbsp; The benefits are rapid, cost effective <a href=\"https:\/\/www.sisinternational.com\/de\/global-beverage-market\/\" title=\"Global Beverage Market: Market Dynamics, Growth Projections &amp; Consumer Insights\"  data-wpil-monitor-id=\"9030\">insights in High Growth<\/a> Emerging Economies.&nbsp; We <a href=\"https:\/\/www.sisinternational.com\/de\/losungen\/fokusgruppen-marktforschung\/wie-man-eine-fokusgruppe-leitet\/\" title=\"So leiten Sie eine Fokusgruppe\"  data-wpil-monitor-id=\"9026\">conduct Focus Groups<\/a>, Online Communities, Surveys and In-Depth Interviews with Dental professionals.<\/p>\n\n\n\n<p><strong>Wir f\u00fchren Untersuchungen mit einer Vielzahl von Entscheidungstr\u00e4gern durch:<\/strong><\/p>\n\n\n\n<ul class=\"wp-block-list\">\n<li>Patienten<\/li>\n\n\n\n<li>Zahn\u00e4rzte<\/li>\n\n\n\n<li>Hygieniker<\/li>\n\n\n\n<li>Labortechniker<\/li>\n\n\n\n<li>Zahnarzthelferinnen<\/li>\n\n\n\n<li>Mund-, Kiefer- und Gesichtschirurgen<\/li>\n\n\n\n<li>Zahntechniker<\/li>\n\n\n\n<li>Dentalhygieniker\/-innen<\/li>\n\n\n\n<li>B\u00fcroleiter<\/li>\n\n\n\n<li>B\u00fcropersonal<\/li>\n\n\n\n<li>Kieferorthop\u00e4den<\/li>\n\n\n\n<li>Parodontologen<\/li>\n\n\n\n<li>Hersteller<\/li>\n<\/ul>\n\n\n\n<h2 class=\"wp-block-heading\">\u00dcber Dental Market Research<\/h2>\n\n\n\n<p><a href=\"https:\/\/www.sisinternational.com\/de\/kontaktieren-sie-sis-international-market-research\/\" title=\"Kontaktiere uns\"  data-wpil-monitor-id=\"9018\">SIS International Forschung<\/a> makes it our business to remain aware of important trends in the global dental industry. We\u2019ve studied dental programs worldwide, interviewing patients, dentists, manufacturers, and insurance interests regarding practices, products, and industry innovations. Our intelligence efforts reveal invaluable information that helps our clients remain <a href=\"https:\/\/www.sisinternational.com\/de\/die-notwendigkeit-von-wettbewerbsinformationen-in-dieser-rezession\/\" title=\"Die Notwendigkeit von Competitive Intelligence in einer Rezession\"  data-wpil-monitor-id=\"9031\">wettbewerbsf\u00e4hig<\/a> and profitable. In addition, we conduct <a href=\"https:\/\/www.sisinternational.com\/de\/losungen\/schwerpunktgruppen\/fokusgruppen-in-new-york-testen-produkte-der-generation-z\/\" title=\"Fokusgruppen in New York nutzen, um Produkte der Generation Z zu testen\"  data-wpil-monitor-id=\"9029\">Schwerpunktgruppen<\/a> and surveys that zero-in on product performance, consumer attitudes, the opinions of professionals, and the mindsets of manufacturers that define the dental industry. Make an appointment to speak with us soon.<\/p>\n\n\n\n<p><\/p>","protected":false},"excerpt":{"rendered":"<p>In der Dentalmarktforschung spricht SIS mit Patienten, Zahn\u00e4rzten und Herstellern und untersucht Versicherungen, Produkte und Innovationen.<\/p>","protected":false},"author":1,"featured_media":62745,"parent":14514,"menu_order":12,"comment_status":"open","ping_status":"closed","template":"","meta":{"footnotes":""},"class_list":["post-14285","page","type-page","status-publish","has-post-thumbnail"],"_links":{"self":[{"href":"https:\/\/www.sisinternational.com\/de\/wp-json\/wp\/v2\/pages\/14285","targetHints":{"allow":["GET"]}}],"collection":[{"href":"https:\/\/www.sisinternational.com\/de\/wp-json\/wp\/v2\/pages"}],"about":[{"href":"https:\/\/www.sisinternational.com\/de\/wp-json\/wp\/v2\/types\/page"}],"author":[{"embeddable":true,"href":"https:\/\/www.sisinternational.com\/de\/wp-json\/wp\/v2\/users\/1"}],"replies":[{"embeddable":true,"href":"https:\/\/www.sisinternational.com\/de\/wp-json\/wp\/v2\/comments?post=14285"}],"version-history":[{"count":6,"href":"https:\/\/www.sisinternational.com\/de\/wp-json\/wp\/v2\/pages\/14285\/revisions"}],"predecessor-version":[{"id":68403,"href":"https:\/\/www.sisinternational.com\/de\/wp-json\/wp\/v2\/pages\/14285\/revisions\/68403"}],"up":[{"embeddable":true,"href":"https:\/\/www.sisinternational.com\/de\/wp-json\/wp\/v2\/pages\/14514"}],"wp:featuredmedia":[{"embeddable":true,"href":"https:\/\/www.sisinternational.com\/de\/wp-json\/wp\/v2\/media\/62745"}],"wp:attachment":[{"href":"https:\/\/www.sisinternational.com\/de\/wp-json\/wp\/v2\/media?parent=14285"}],"curies":[{"name":"wp","href":"https:\/\/api.w.org\/{rel}","templated":true}]}}