{"id":14207,"date":"2015-02-11T14:10:38","date_gmt":"2015-02-11T14:10:38","guid":{"rendered":"https:\/\/www.sisinternational.com\/?page_id=14207"},"modified":"2026-01-25T17:39:16","modified_gmt":"2026-01-25T22:39:16","slug":"sportmarktforschung","status":"publish","type":"page","link":"https:\/\/www.sisinternational.com\/de\/sachverstand\/sportmarktforschung\/","title":{"rendered":"Sportmarktforschung"},"content":{"rendered":"<h1 class=\"wp-block-heading\">Sportmarktforschung<\/h1>\n\n\n\n<figure class=\"gb-block-image gb-block-image-b48c2ad9\"><img loading=\"lazy\" decoding=\"async\" width=\"1456\" height=\"816\" class=\"gb-image gb-image-b48c2ad9\" src=\"https:\/\/www.sisinternational.com\/wp-content\/uploads\/2025\/08\/Soccer-football-sport-7.jpg\" srcset=\"https:\/\/www.sisinternational.com\/wp-content\/uploads\/2025\/08\/Soccer-football-sport-7.jpg 1456w, https:\/\/www.sisinternational.com\/wp-content\/uploads\/2025\/08\/Soccer-football-sport-7-300x168.jpg 300w, https:\/\/www.sisinternational.com\/wp-content\/uploads\/2025\/08\/Soccer-football-sport-7-1024x574.jpg 1024w, https:\/\/www.sisinternational.com\/wp-content\/uploads\/2025\/08\/Soccer-football-sport-7-768x430.jpg 768w, https:\/\/www.sisinternational.com\/wp-content\/uploads\/2025\/08\/Soccer-football-sport-7-18x10.jpg 18w\" sizes=\"auto, (max-width: 1456px) 100vw, 1456px\" alt=\"SIS International Marktforschung &amp; Strategie\"><\/figure>\n\n\n\n<p><\/p>\n\n\n\n<h2 class=\"wp-block-heading p1\">Die Sportmarktforschung bietet Daten, Analysen, Erkenntnisse und Strategien zu Leichtathletik- und Freizeitaktivit\u00e4ten.<\/h2>\n\n\n\n<p class=\"p1\">In the Sports industry, there are products manufactures, apparel companies, advertisers, teams, media and other companies.&nbsp; Sports are also growing in popularity in High Growth Emerging Markets.<\/p>\n\n\n\n<p class=\"p1\">Some sports are experiencing challenges with declining audiences in traditional TV broadcasting media.&nbsp; At the same time, there are new opportunities in online streaming, subscription revenue models and new sponsorship deals.<\/p>\n\n\n\n<p class=\"p1\">Sportorganisationen nutzen die Macht effektiver Marktforschung, um Einblicke in lukrative Werbe- und Merchandising-Kan\u00e4le zu erhalten, einen Blick in die Gedankenwelt der Fans zu werfen und spannende M\u00f6glichkeiten zu entwickeln, ihr allgemeines Unterhaltungserlebnis zu verbessern. Die Forschung deckt auch M\u00f6glichkeiten auf, Ihre Fangemeinde zu pflegen.<\/p>\n\n\n\n<p class=\"p1\">SIS bietet Daten, Einblicke, Tools, Analysen und Strategien zur F\u00f6rderung Ihres Sportgesch\u00e4fts.<\/p>\n\n\n\n<p class=\"p1\"><strong>Fitnessstudios, Sportvereine und Fitnesszentren<\/strong> often need <a href=\"https:\/\/www.sisinternational.com\/de\/sachverstand\/branchen\/sportwetten-marktforschung\/\" title=\"Sportwetten-Marktforschung\"  data-wpil-monitor-id=\"3986\">Sportmarktforschung<\/a> assistance on many levels.&nbsp; In-depth market analysis can reveal unmet customer needs, promotion strategies, pricing insights.&nbsp; Focus Groups can uncover information about what fitness fans expect.&nbsp; With the new information that becomes available, business leaders gain the confidence and new ideas to make tactical decisions needed to move forward successfully.<\/p>\n\n\n\n<p class=\"p1\"><strong>Sport- und Fitnessger\u00e4te<\/strong> sales are big business. Massive markets exist on a global scale for not only retail sales, but organizational contracts, as well. Effective <a href=\"https:\/\/www.sisinternational.com\/de\/sachverstand\/branchen\/marktforschung-fur-sportartikel\/\" title=\"Sportartikel-Marketingforschung\"  data-wpil-monitor-id=\"6240\">Sportmarktforschung<\/a> can improve your outreach and performance locally, regionally, nationally, and around the world. Competitive Intelligence provides key insights into the world\u2019s most prosperous firms, revealing effective marketing approaches and strategies. Innovative digital, social media and mobile-based promotions for peak market visibility are all part of assembling an overall game winning strategy.<\/p>\n\n\n\n<h2 class=\"wp-block-heading\">L\u00f6sungen f\u00fcr die Sportmarktforschung<\/h2>\n\n\n\n<p>SIS verf\u00fcgt \u00fcber mehr als 40 Jahre Erfahrung in der Durchf\u00fchrung von Forschung und Strategie f\u00fcr die Sportbranche. Wir bieten:<\/p>\n\n\n\n<ul class=\"wp-block-list\">\n<li>Schwerpunktgruppen<\/li>\n\n\n\n<li>Kundeninterviews<\/li>\n\n\n\n<li>Online-Insight-Communitys<\/li>\n\n\n\n<li>Anzeigentests<\/li>\n\n\n\n<li>Usability-Tests<\/li>\n\n\n\n<li>Eventumfragen und Interviews<\/li>\n\n\n\n<li>Wettbewerbsintelligenz<\/li>\n\n\n\n<li><a href=\"https:\/\/www.sisinternational.com\/de\/sachverstand\/desinfektionsmittel-konservierungsmittel-marktforschung\/\" title=\"Marktforschung f\u00fcr Desinfektionsmittel und Konservierungsmittel\"  data-wpil-monitor-id=\"4359\">Markteintritts- und Opportunit\u00e4tsforschung<\/a><\/li>\n<\/ul>\n\n\n\n<h2 class=\"wp-block-heading\"><a href=\"https:\/\/www.sisinternational.com\/de\/about-sis\/contact-sis-international-market-research\/\">Kontaktieren Sie uns f\u00fcr Ihr n\u00e4chstes Sportmarktforschungsprojekt.<\/a><\/h2>","protected":false},"excerpt":{"rendered":"<p>Wir bieten L\u00f6sungen f\u00fcr Sportmarktforschung und -strategie in den USA und auf der ganzen Welt.<\/p>","protected":false},"author":1,"featured_media":63341,"parent":14514,"menu_order":6,"comment_status":"open","ping_status":"closed","template":"","meta":{"footnotes":""},"class_list":["post-14207","page","type-page","status-publish","has-post-thumbnail"],"_links":{"self":[{"href":"https:\/\/www.sisinternational.com\/de\/wp-json\/wp\/v2\/pages\/14207","targetHints":{"allow":["GET"]}}],"collection":[{"href":"https:\/\/www.sisinternational.com\/de\/wp-json\/wp\/v2\/pages"}],"about":[{"href":"https:\/\/www.sisinternational.com\/de\/wp-json\/wp\/v2\/types\/page"}],"author":[{"embeddable":true,"href":"https:\/\/www.sisinternational.com\/de\/wp-json\/wp\/v2\/users\/1"}],"replies":[{"embeddable":true,"href":"https:\/\/www.sisinternational.com\/de\/wp-json\/wp\/v2\/comments?post=14207"}],"version-history":[{"count":7,"href":"https:\/\/www.sisinternational.com\/de\/wp-json\/wp\/v2\/pages\/14207\/revisions"}],"predecessor-version":[{"id":79823,"href":"https:\/\/www.sisinternational.com\/de\/wp-json\/wp\/v2\/pages\/14207\/revisions\/79823"}],"up":[{"embeddable":true,"href":"https:\/\/www.sisinternational.com\/de\/wp-json\/wp\/v2\/pages\/14514"}],"wp:featuredmedia":[{"embeddable":true,"href":"https:\/\/www.sisinternational.com\/de\/wp-json\/wp\/v2\/media\/63341"}],"wp:attachment":[{"href":"https:\/\/www.sisinternational.com\/de\/wp-json\/wp\/v2\/media?parent=14207"}],"curies":[{"name":"wp","href":"https:\/\/api.w.org\/{rel}","templated":true}]}}