{"id":14175,"date":"2015-02-10T14:12:03","date_gmt":"2015-02-10T14:12:03","guid":{"rendered":"https:\/\/www.sisinternational.com\/?page_id=14175"},"modified":"2026-01-24T00:47:51","modified_gmt":"2026-01-24T05:47:51","slug":"marktforschung-fur-haushaltsgerate","status":"publish","type":"page","link":"https:\/\/www.sisinternational.com\/de\/sachverstand\/marktforschung-fur-haushaltsgerate\/","title":{"rendered":"Marktforschung f\u00fcr Haushaltsger\u00e4te"},"content":{"rendered":"<h1 class=\"wp-block-heading\">Marktforschung f\u00fcr Haushaltsger\u00e4te<\/h1>\n\n\n\n<figure class=\"gb-block-image gb-block-image-255ce65e\"><img loading=\"lazy\" decoding=\"async\" width=\"1456\" height=\"816\" class=\"gb-image gb-image-255ce65e\" src=\"https:\/\/www.sisinternational.com\/wp-content\/uploads\/2025\/08\/Consumer-electronics-1.jpg\" alt=\"SIS International Marktforschung &amp; Strategie\" title=\"Consumer electronics (1)\" srcset=\"https:\/\/www.sisinternational.com\/wp-content\/uploads\/2025\/08\/Consumer-electronics-1.jpg 1456w, https:\/\/www.sisinternational.com\/wp-content\/uploads\/2025\/08\/Consumer-electronics-1-300x168.jpg 300w, https:\/\/www.sisinternational.com\/wp-content\/uploads\/2025\/08\/Consumer-electronics-1-1024x574.jpg 1024w, https:\/\/www.sisinternational.com\/wp-content\/uploads\/2025\/08\/Consumer-electronics-1-768x430.jpg 768w, https:\/\/www.sisinternational.com\/wp-content\/uploads\/2025\/08\/Consumer-electronics-1-18x10.jpg 18w\" sizes=\"auto, (max-width: 1456px) 100vw, 1456px\"><\/figure>\n\n\n\n<p><\/p>\n\n\n\n<h2 class=\"wp-block-heading p1\">Der Markt f\u00fcr Haushaltsger\u00e4te ist zur\u00fcck und w\u00e4chst.<\/h2>\n\n\n\n<p class=\"p1\">Das Unternehmen erholt sich gerade von einer Phase des Niedergangs und wird durch einen verbesserten Immobilienmarkt und das gestiegene Vertrauen der Verbraucher befl\u00fcgelt. Es ist eine Zeit gro\u00dfer Chancen, und SIS kann Unternehmen dabei helfen, daraus Kapital zu schlagen und zu wachsen.<\/p>\n\n\n\n<p class=\"p1\">The rise of technology and mobile devices presents significant opportunities and changes in how consumers behave at home.&nbsp; We provide expert <a href=\"https:\/\/www.sisinternational.com\/de\/losungen\/qualitative-quantitative-forschungslosungen\/chaid-analyse-marktforschung\/\" title=\"CHAID Analyse Marktforschung\"  data-wpil-monitor-id=\"9607\">market and data analysis<\/a> that yields critical information our clients demand, such as customer purchasing, usability, preferences and behavioral insights.<\/p>\n\n\n\n<p class=\"p1\">Kunde <a href=\"https:\/\/www.sisinternational.com\/de\/losungen\/fokusgruppen-marktforschung\/\" title=\"Fokusgruppe Marktforschung\"  data-wpil-monitor-id=\"9604\">Research and Focus Groups<\/a> provide insight on the attitudes and opinions of end-users.&nbsp; Other <a href=\"https:\/\/www.sisinternational.com\/de\/alternative-forschungsmethoden-und-hausbesuche\/\" title=\"Alternative Forschungsmethoden und Hausbesuche\u00a0\"  data-wpil-monitor-id=\"848\">methods such as home visits<\/a>, mall intercepts, lifestyle research and street surveys explore customer impressions and effectively gauge brand awareness levels.<\/p>\n\n\n\n<p class=\"p1\">We are also a leader of In-Home and Video Ethnography, allowing our clients to see how customers interact with and use their products.&nbsp; Gang surveys are popular with some manufacturers who need data to support decision-making.&nbsp; Lastly, co-creation sessions between product developers and end users can also be helpful in new product development.<\/p>\n\n\n\n<h2 class=\"wp-block-heading p1\">Angesichts der Verlagerung von Produktionszentren und der Entstehung neuer Kan\u00e4le f\u00fcr den globalen Handel macht sich die Erfahrung von SIS International auf den internationalen M\u00e4rkten bezahlt.<\/h2>\n\n\n\n<p class=\"p1\">We understand the cultural differences and complexities that impact the purchasing of household appliances and home-related products. We\u2019re ever vigilant; evaluating marketing <a href=\"https:\/\/www.sisinternational.com\/de\/future-trends-in-qualitative-market-research\/\" title=\"Future Trends in Qualitative Market Research\"  data-wpil-monitor-id=\"9606\">trends and anticipating future<\/a> market movements. We make it our business to make your business better.<\/p>\n\n\n\n<p>Wir bieten an:<\/p>\n\n\n\n<ul class=\"wp-block-list\">\n<li>Schwerpunktgruppen<\/li>\n\n\n\n<li>Kundeninterviews<\/li>\n\n\n\n<li>Heim- und Videoethnographie<\/li>\n\n\n\n<li>Gemeinsame Kreation<\/li>\n\n\n\n<li>Umfragen<\/li>\n\n\n\n<li>Wettbewerbsanalyse<\/li>\n\n\n\n<li>Market Opportunity, <a href=\"https:\/\/www.sisinternational.com\/de\/losungen\/strategieberatung\/markteintrittsforschung\/\" title=\"Markteintrittsforschung\"  data-wpil-monitor-id=\"9609\">Entry &amp; Sizing Research<\/a><\/li>\n\n\n\n<li>Strategie Forschung<\/li>\n<\/ul>\n\n\n\n<p><\/p>","protected":false},"excerpt":{"rendered":"<p>SIS ist ein f\u00fchrendes Unternehmen in der Marktforschung f\u00fcr Haushaltsger\u00e4te und bietet qualitative, quantitative und strategische L\u00f6sungen zur Entscheidungsfindung. <\/p>","protected":false},"author":1,"featured_media":64245,"parent":14514,"menu_order":4,"comment_status":"open","ping_status":"closed","template":"","meta":{"footnotes":""},"class_list":["post-14175","page","type-page","status-publish","has-post-thumbnail"],"_links":{"self":[{"href":"https:\/\/www.sisinternational.com\/de\/wp-json\/wp\/v2\/pages\/14175","targetHints":{"allow":["GET"]}}],"collection":[{"href":"https:\/\/www.sisinternational.com\/de\/wp-json\/wp\/v2\/pages"}],"about":[{"href":"https:\/\/www.sisinternational.com\/de\/wp-json\/wp\/v2\/types\/page"}],"author":[{"embeddable":true,"href":"https:\/\/www.sisinternational.com\/de\/wp-json\/wp\/v2\/users\/1"}],"replies":[{"embeddable":true,"href":"https:\/\/www.sisinternational.com\/de\/wp-json\/wp\/v2\/comments?post=14175"}],"version-history":[{"count":9,"href":"https:\/\/www.sisinternational.com\/de\/wp-json\/wp\/v2\/pages\/14175\/revisions"}],"predecessor-version":[{"id":81602,"href":"https:\/\/www.sisinternational.com\/de\/wp-json\/wp\/v2\/pages\/14175\/revisions\/81602"}],"up":[{"embeddable":true,"href":"https:\/\/www.sisinternational.com\/de\/wp-json\/wp\/v2\/pages\/14514"}],"wp:featuredmedia":[{"embeddable":true,"href":"https:\/\/www.sisinternational.com\/de\/wp-json\/wp\/v2\/media\/64245"}],"wp:attachment":[{"href":"https:\/\/www.sisinternational.com\/de\/wp-json\/wp\/v2\/media?parent=14175"}],"curies":[{"name":"wp","href":"https:\/\/api.w.org\/{rel}","templated":true}]}}