{"id":12926,"date":"2015-01-18T14:38:14","date_gmt":"2015-01-18T14:38:14","guid":{"rendered":"https:\/\/www.sisinternational.com\/?page_id=12926"},"modified":"2026-03-12T21:35:57","modified_gmt":"2026-03-13T01:35:57","slug":"produkttests-marktforschung","status":"publish","type":"page","link":"https:\/\/www.sisinternational.com\/de\/sachverstand\/produkttests-marktforschung\/","title":{"rendered":"Produkttests Marktforschung"},"content":{"rendered":"<h1 class=\"wp-block-heading\">Produkttests Marktforschung<\/h1>\n\n\n\n<p><\/p>\n\n\n\n<figure class=\"gb-block-image gb-block-image-32cb63f2\"><img loading=\"lazy\" decoding=\"async\" width=\"1350\" height=\"736\" class=\"gb-image gb-image-32cb63f2\" src=\"https:\/\/www.sisinternational.com\/wp-content\/uploads\/2025\/09\/Sensory-testing-1.1.jpg\" alt=\"SIS International Marktforschung &amp; Strategie\" title=\"Sensory testing (1).1\" srcset=\"https:\/\/www.sisinternational.com\/wp-content\/uploads\/2025\/09\/Sensory-testing-1.1.jpg 1350w, https:\/\/www.sisinternational.com\/wp-content\/uploads\/2025\/09\/Sensory-testing-1.1-300x164.jpg 300w, https:\/\/www.sisinternational.com\/wp-content\/uploads\/2025\/09\/Sensory-testing-1.1-1024x558.jpg 1024w, https:\/\/www.sisinternational.com\/wp-content\/uploads\/2025\/09\/Sensory-testing-1.1-768x419.jpg 768w, https:\/\/www.sisinternational.com\/wp-content\/uploads\/2025\/09\/Sensory-testing-1.1-18x10.jpg 18w\" sizes=\"auto, (max-width: 1350px) 100vw, 1350px\"><\/figure>\n\n\n\n<h2 class=\"wp-block-heading p1\">In einem komplexen und sich st\u00e4ndig ver\u00e4ndernden Markt kann es ein gewaltiger Prozess sein, ein Produkt durch die Konzeptphase zu bringen.<\/h2>\n\n\n\n<p>Conducting comprehensive and insight-rich testing with targeted stakeholders and consumers is crucial to mitigating the risks associated with launching a new product.&nbsp;We take a unique and innovative approach to conducting product tests and delivering critical pre-launch consumer analysis to clients.<\/p>\n\n\n\n<h2 class=\"wp-block-heading\">Was ist Produkttest-Marktforschung?<\/h2>\n\n\n\n<p>Marktforschung zum Testen von Produkten ist ein wesentlicher Bestandteil der Produktentwicklung. Durch das Sammeln von Erkenntnissen und Daten potenzieller Kunden k\u00f6nnen Unternehmen mehr \u00fcber die Leistung, Benutzerfreundlichkeit und Attraktivit\u00e4t eines Produkts erfahren.<\/p>\n\n\n\n<p>With these findings, companies have the information necessary to make wise decisions about their products, increasing <a href=\"https:\/\/www.sisinternational.com\/de\/verbesserung-der-kundenbeziehungen\/\" title=\"So steigern Sie die Kundenzufriedenheit und begeistern unzufriedene Kunden\"  data-wpil-monitor-id=\"10718\">customer satisfaction while simultaneously improving<\/a> sales.<\/p>\n\n\n\n<h2 class=\"wp-block-heading p5\">Warum ist die Marktforschung f\u00fcr Produkttests so wichtig?<\/h2>\n\n\n\n<p class=\"p3\">Product testing market research is critical for making sure the products truly matter to customers. This is because you can study market trends and current consumer preferences that may change from year to year depending on the <a href=\"https:\/\/www.sisinternational.com\/de\/billigflieger-in-der-luftfahrtindustrie\/\" title=\"Marktforschung f\u00fcr Billigflieger\"  data-wpil-monitor-id=\"10713\">allgemein<\/a> market and its trends.<\/p>\n\n\n\n<p class=\"p3\">Daher sollten Unternehmen Marktforschung zu Produkttests durchf\u00fchren, um zu verstehen, wie potenzielle Kunden ihre Produkte wahrnehmen, etwaige Probleme oder Bedenken der Verbraucher zu entdecken und sie entsprechend anzupassen. Ohne diese Forschung laufen Unternehmen Gefahr, Produkte auf den Markt zu bringen, die die Erwartungen der Kunden nicht erf\u00fcllen. <span class=\"s1\">\u2013<\/span> Dies kann zu Umsatzeinbu\u00dfen und einer Sch\u00e4digung des Rufs der Marke f\u00fchren.<\/p>\n\n\n\n<p class=\"p3\">Dar\u00fcber hinaus k\u00f6nnen diese Erkenntnisse Unternehmen dabei helfen, ausgefeilte Strategien f\u00fcr ihre Produkte zu entwickeln, die sie von der Konkurrenz abheben und ihnen so einen Wettbewerbsvorteil verschaffen.<\/p>\n\n\n\n<h2 class=\"wp-block-heading p5\">Chancen und Herausforderungen der Produkttest-Marktforschung<\/h2>\n\n\n\n<p class=\"p6\">Marktforschung mit Produkttests er\u00f6ffnet Unternehmen viele M\u00f6glichkeiten. Allerdings muss auch ber\u00fccksichtigt werden, dass diese Studie einige Herausforderungen mit sich bringt, die \u00fcberwunden werden m\u00fcssen, um ein genaues Bild der Verbrauchervorlieben in einem bestimmten Markt zu erhalten.<\/p>\n\n\n\n<h3 class=\"wp-block-heading p6\">Gelegenheiten<\/h3>\n\n\n\n<ul class=\"wp-block-list ul1\">\n<li><b>Innovation<\/b>: Product testing <a href=\"https:\/\/www.sisinternational.com\/de\/losungen\/qualitative-quantitative-forschungslosungen\/wine-taste-testing\/\" title=\"Wine Taste Testing\"  data-wpil-monitor-id=\"1245\">Marktforschung<\/a> delivers valuable insights into customer demands and tastes, helping companies identify potential areas for innovation and differentiate their products from those of their competitors.<\/li>\n\n\n\n<li><b>Anpassung<\/b>: Unternehmen k\u00f6nnen die Kundentreue und -zufriedenheit steigern, indem sie Produkte entwickeln, die direkt auf die Bed\u00fcrfnisse der Kunden eingehen. Indem sie sich die Vorlieben ihrer Kunden zunutze machen, bauen Unternehmen Vertrauen auf und entwickeln gleichzeitig ma\u00dfgeschneiderte L\u00f6sungen, die jede einzelne Anforderung erf\u00fcllen.<\/li>\n\n\n\n<li><b>Markenbildung<\/b>: Marktforschung durch Produkttests liefert enorme Einblicke in die Wahrnehmung der Produkte des Unternehmens durch die Verbraucher. Sie erm\u00f6glicht es dem Entscheidungsteam, die Markenidentit\u00e4t zu verfeinern.<\/li>\n\n\n\n<li><b>Kostenreduzierung<\/b>: Unternehmen k\u00f6nnen die Kosten f\u00fcr Produktverbesserungen nach der Markteinf\u00fchrung senken, indem sie Probleme vor der Markteinf\u00fchrung l\u00f6sen, was zu einer verbesserten Effizienz und h\u00f6heren Gewinnen f\u00fchrt.<\/li>\n\n\n\n<li><b>Markterweiterung<\/b>: <a href=\"https:\/\/www.sisinternational.com\/de\/veroffentlichungen\/skalierbare-geschaftsmarktforschung-7-moglichkeiten-zum-aufbau-eines-skalierbaren-geschafts\/\" title=\"Marktforschung f\u00fcr skalierbare Unternehmen: 7 M\u00f6glichkeiten zum Aufbau eines skalierbaren Unternehmens\"  data-wpil-monitor-id=\"10720\">Marktforschung<\/a> can uncover untapped potential for businesses, unveiling fresh and unexplored market opportunities that could lead to expansive growth.<\/li>\n\n\n\n<li><b><a href=\"https:\/\/www.sisinternational.com\/de\/multi-channel-marketing-kampagne\/\" title=\"Optimierung von Multi-Channel-Marketingstrategien f\u00fcr eine bessere Marktdurchdringung\"  data-wpil-monitor-id=\"10717\">Verbesserte Marketingstrategien<\/a><\/b>: Durch die Nutzung von Kundenfeedback k\u00f6nnen Unternehmen von detaillierten Erkenntnissen profitieren, um ihre Marketingstrategien anzupassen und ein breiteres Publikum und mehr potenzielle Kunden zu erreichen.<\/li>\n<\/ul>\n\n\n\n<h3 class=\"wp-block-heading p8\">Herausforderungen<\/h3>\n\n\n\n<p class=\"p3\">Marktforschung zum Testen von Produkten kann f\u00fcr Unternehmen von Vorteil sein, allerdings ergeben sich bei der Durchf\u00fchrung dieser Art von Studien auch einige Herausforderungen:<\/p>\n\n\n\n<ul class=\"wp-block-list ul1\">\n<li>Die Durchf\u00fchrung von Marktforschung zum Thema Produkttests kann langwierig und kostspielig sein, wenn das Unternehmen mehrere Produkte testen m\u00f6chte oder plant, mehrere M\u00e4rkte gleichzeitig zu erschlie\u00dfen. Unternehmen m\u00fcssen die notwendige Zeit und die n\u00f6tigen Mittel investieren, um sicherzustellen, dass die Forschung korrekt durchgef\u00fchrt wird.<\/li>\n\n\n\n<li>Je nach den besonderen Merkmalen der Zielmarktstichprobe kann es schwierig sein, geeignete Teilnehmer f\u00fcr die Studie zu finden.<\/li>\n\n\n\n<li>Unternehmen m\u00fcssen sicherstellen, dass die Stichprobengr\u00f6\u00dfe ihrer Untersuchungen ausreichend gro\u00df ist, um valide Ergebnisse zu erzielen. Andernfalls k\u00f6nnen sie aus den gesammelten Daten keine verl\u00e4sslichen Schlussfolgerungen ziehen.<\/li>\n\n\n\n<li>Beratungsunternehmen m\u00fcssen bei Produkttests und Marktforschung Voreingenommenheit vermeiden. Wenn der Moderator die Teilnehmer nicht auffordert, ihre Antworten zu erl\u00e4utern, k\u00f6nnten diese einen sozialen Druck versp\u00fcren und \u00e4hnliche Antworten geben.<\/li>\n\n\n\n<li>Interpreting the research results may be a complex task if there are multiple <a href=\"https:\/\/www.sisinternational.com\/de\/abdeckung\/marktforschung-afrika\/marktforschung-kamerun\/\" title=\"Marktforschung in Kamerun\"  data-wpil-monitor-id=\"5275\">Produkte<\/a> for different market segments. Companies must carefully evaluate the data they receive and use it to make effective product development decisions.<\/li>\n<\/ul>\n\n\n\n<h2 class=\"wp-block-heading p1\">Unser Vorgehen<\/h2>\n\n\n\n<p><\/p>\n\n\n\n<figure class=\"gb-block-image gb-block-image-1622b002\"><img loading=\"lazy\" decoding=\"async\" width=\"1456\" height=\"816\" class=\"gb-image gb-image-1622b002\" src=\"https:\/\/www.sisinternational.com\/wp-content\/uploads\/2025\/09\/Sensory-testing-3.jpg\" alt=\"SIS International Marktforschung &amp; Strategie\" title=\"Sensory testing (3)\" srcset=\"https:\/\/www.sisinternational.com\/wp-content\/uploads\/2025\/09\/Sensory-testing-3.jpg 1456w, https:\/\/www.sisinternational.com\/wp-content\/uploads\/2025\/09\/Sensory-testing-3-300x168.jpg 300w, https:\/\/www.sisinternational.com\/wp-content\/uploads\/2025\/09\/Sensory-testing-3-1024x574.jpg 1024w, https:\/\/www.sisinternational.com\/wp-content\/uploads\/2025\/09\/Sensory-testing-3-768x430.jpg 768w, https:\/\/www.sisinternational.com\/wp-content\/uploads\/2025\/09\/Sensory-testing-3-18x10.jpg 18w\" sizes=\"auto, (max-width: 1456px) 100vw, 1456px\"><\/figure>\n\n\n\n<p class=\"p1\">Unsere mehrschichtigen Konzepttesttechniken konzentrieren sich auf die Identifizierung von Verbraucherbeziehungen, Quellen emotionaler Verbindungen, unerf\u00fcllten Bed\u00fcrfnissen und Produktpr\u00e4ferenzen. Die besten und effektivsten Konzepttests verwenden h\u00e4ufig eine hybride Methodik, bei der sowohl qualitative Diskussionen als auch quantitative Umfragen in gr\u00f6\u00dferem Ma\u00dfstab eingesetzt werden. Letztendlich liefern unsere L\u00f6sungen unseren Kunden umfangreiche Schichten verwertbarer Daten, die die Ergebnisse ihrer neuen Produkte auf dem Markt beeinflussen.<\/p>\n\n\n\n<h2 class=\"wp-block-heading\">Fallstudie: Produkttests f\u00fcr DSLR-Kameraobjektive<\/h2>\n\n\n\n<h3 class=\"wp-block-heading\">Hintergrund und Forschungsziele<\/h3>\n\n\n\n<p>Der Kunde, ein Hersteller von DSLR-Kameraobjektiven, wollte die Gr\u00fcnde f\u00fcr die Meinung amerikanischer Verbraucher zu den \u00e4sthetischen Elementen von DSLR-Kameraobjektiven der mittleren und oberen Preisklasse verstehen. Das Interesse galt dabei insbesondere den visuellen, taktilen und akustischen Aspekten der Objektive und nicht der von ihnen erzeugten Fotoqualit\u00e4t. Die Einstellung der Verbraucher zu Aussehen, Haptik und Struktur der Objektive wurde in fr\u00fcheren Untersuchungen in diesem Bereich, die sich haupts\u00e4chlich auf die funktionalen Aspekte der Objektivqualit\u00e4t konzentrierten, etwas \u00fcbersehen.<\/p>\n\n\n\n<p><strong>Methodik<\/strong><\/p>\n\n\n\n<p>Die Auswahl der 23 Befragten erfolgte anhand von drei Hauptkriterien:<\/p>\n\n\n\n<ol class=\"wp-block-list\">\n<li>Besitz von High-End- und Mittelklasse-Digitalkameras von Canon und Nikon<\/li>\n\n\n\n<li>Besitz von mindestens 3 DSLR-Kameraobjektiven<\/li>\n\n\n\n<li>Mindestens f\u00fcnfmal pro Woche Fotos mit einer DSLR-Kamera machen.<\/li>\n<\/ol>\n\n\n\n<p>These respondents were invited to a Manhattan photo studio where they provided their in-depth opinions on 14 different DSLR camera lenses. The lenses, each from different manufacturers, were selected to represent different aesthetic styles and choices that designers make, e.g. the location of labels and controls on the lens, the ease or difficulty with which the focus and zoom rings can be turned, and the feeling of the material the lens is made of. Each respondent completed one hand-written survey per lens, which included both scale-ranking questions as well as open-ended, qualitative questions. The results of these surveys were then analyzed on both a quantitative and <a href=\"https:\/\/www.sisinternational.com\/de\/future-trends-in-qualitative-market-research\/\" title=\"Future Trends in Qualitative Market Research\"  data-wpil-monitor-id=\"10719\">qualitative level to uncover market trends<\/a>.<\/p>\n\n\n\n<p><strong>Erkenntnisse und Erkenntnisse<\/strong><\/p>\n\n\n\n<p>Die Analyse dieser Frageb\u00f6gen ergab mehrere wichtige Erkenntnisse, darunter:<\/p>\n\n\n\n<p>Der Kunde erkannte die Chance, die in der Herstellung von Zoom- und Fokusringen liegt, die sich mit minimalem Aufwand einstellen lassen und trotzdem ein Gef\u00fchl von Pr\u00e4zision und Robustheit vermitteln. Dies ergab sich aus der \u00fcberraschenden Entdeckung, dass dies der wichtigste bestimmende Faktor f\u00fcr die Gesamtqualit\u00e4t des Objektivs ist. Ausf\u00fchrliche Interviews mit ausgew\u00e4hlten Befragten verdeutlichten die Notwendigkeit von Objektiven, die bei der Arbeit in professionellen Umgebungen so wenig L\u00e4rm wie m\u00f6glich machen, um die Fotomotive nicht abzulenken, was eine Chance darstellt, ger\u00e4uschlose Objektive an professionelle Fotografen zu vermarkten. Die Umfrageanalyse ergab, dass das Gewicht des Objektivs stark \u00fcber sein allgemeines Gef\u00fchl der Haltbarkeit entscheidet. Da diese Objektive eine erhebliche Investition darstellen \u2013 viele High-End-Objektive werden f\u00fcr $1.000 und mehr verkauft \u2013 m\u00f6chten die Verbraucher das Gef\u00fchl haben, ein Produkt zu kaufen, das lange h\u00e4lt. Der Kunde konnte dann den Wert in der Botschaft eines starken, langlebigen Objektivs erkennen, das ein Leben lang h\u00e4lt.<\/p>\n\n\n\n<h2 class=\"wp-block-heading\">\u00dcber SIS Product Testing Market Research<\/h2>\n\n\n\n<p><a href=\"https:\/\/twitter.com\/SISIntlResearch\" target=\"_blank\" rel=\"noopener\"><span style=\"font-weight: 400;\">SIS<\/span><\/a> ist ein f\u00fchrendes Marktforschungsunternehmen. Wir haben Tausende von Tests in den Vereinigten Staaten und auf der ganzen Welt durchgef\u00fchrt. Produkttests sind detailorientiert und erfordern Erfahrung, um sicherzustellen, dass sie effektiv durchgef\u00fchrt werden. Wir bieten diese Erfahrung.<\/p>\n\n\n\n<h3 class=\"wp-block-heading\">Unsere Produktforschungsl\u00f6sungen umfassen:<\/h3>\n\n\n\n<ul class=\"wp-block-list\">\n<li>Sequentielle monadische Produkttests<\/li>\n\n\n\n<li>Monadische Produkttests<\/li>\n\n\n\n<li>Ethnographie<\/li>\n\n\n\n<li>Anwendungstests zu Hause<\/li>\n\n\n\n<li><a href=\"https:\/\/www.sisinternational.com\/de\/losungen\/qualitative-quantitative-forschungslosungen\/zentrale-standorttests-vs-fokusgruppen\/\" title=\"Zentrale Standorttests vs. Fokusgruppen\" data-wpil-monitor-id=\"10715\">Zentrale Standorttests<\/a><\/li>\n\n\n\n<li>Schwerpunktgruppen<\/li>\n\n\n\n<li>Mobile Ethnographie<\/li>\n<\/ul>\n\n\n\n<p><a href=\"https:\/\/www.linkedin.com\/company\/sisinternationalresearch\/\" target=\"_blank\" rel=\"noopener\"><span style=\"font-weight: 400;\">SIS International<\/span><\/a> offers Quantitative, Qualitative, and Strategy Research. We provide data, tools, strategies, reports, and insights for decision-making. We also conduct interviews, surveys, focus groups, and many other <a href=\"https:\/\/www.sisinternational.com\/de\/quantitative-market-research-methods-and-techniques\/\" title=\"Quantitative Market Research Methods and Techniques\" data-wpil-monitor-id=\"10714\">Market Research methods<\/a> and approaches. Contact us for your <a href=\"https:\/\/www.sisinternational.com\/de\/sachverstand\/branchen\/marktforschung-zu-technologien-der-nachsten-generation\/\" title=\"Marktforschung zu Technologien der n\u00e4chsten Generation\" data-wpil-monitor-id=\"10716\">next Market Research<\/a> Projekt.<\/p>","protected":false},"excerpt":{"rendered":"<p>SIS ist ein f\u00fchrendes Marktforschungsunternehmen. Marktforschung zu Produkttests liefert Erkenntnisse und Daten f\u00fcr Unternehmen, die neue Produkte auf den Markt bringen.<\/p>","protected":false},"author":1,"featured_media":66987,"parent":14514,"menu_order":1,"comment_status":"closed","ping_status":"closed","template":"","meta":{"footnotes":""},"class_list":["post-12926","page","type-page","status-publish","has-post-thumbnail"],"_links":{"self":[{"href":"https:\/\/www.sisinternational.com\/de\/wp-json\/wp\/v2\/pages\/12926","targetHints":{"allow":["GET"]}}],"collection":[{"href":"https:\/\/www.sisinternational.com\/de\/wp-json\/wp\/v2\/pages"}],"about":[{"href":"https:\/\/www.sisinternational.com\/de\/wp-json\/wp\/v2\/types\/page"}],"author":[{"embeddable":true,"href":"https:\/\/www.sisinternational.com\/de\/wp-json\/wp\/v2\/users\/1"}],"replies":[{"embeddable":true,"href":"https:\/\/www.sisinternational.com\/de\/wp-json\/wp\/v2\/comments?post=12926"}],"version-history":[{"count":8,"href":"https:\/\/www.sisinternational.com\/de\/wp-json\/wp\/v2\/pages\/12926\/revisions"}],"predecessor-version":[{"id":81756,"href":"https:\/\/www.sisinternational.com\/de\/wp-json\/wp\/v2\/pages\/12926\/revisions\/81756"}],"up":[{"embeddable":true,"href":"https:\/\/www.sisinternational.com\/de\/wp-json\/wp\/v2\/pages\/14514"}],"wp:featuredmedia":[{"embeddable":true,"href":"https:\/\/www.sisinternational.com\/de\/wp-json\/wp\/v2\/media\/66987"}],"wp:attachment":[{"href":"https:\/\/www.sisinternational.com\/de\/wp-json\/wp\/v2\/media?parent=12926"}],"curies":[{"name":"wp","href":"https:\/\/api.w.org\/{rel}","templated":true}]}}