{"id":11829,"date":"2014-11-28T18:19:52","date_gmt":"2014-11-28T18:19:52","guid":{"rendered":"https:\/\/www.sisinternational.com\/?page_id=11829"},"modified":"2026-03-12T23:50:03","modified_gmt":"2026-03-13T03:50:03","slug":"markteintrittschancenforschung","status":"publish","type":"page","link":"https:\/\/www.sisinternational.com\/de\/market-entry-intelligence-page\/markteintrittschancenforschung\/","title":{"rendered":"Markteintritts- und Opportunit\u00e4tsforschung"},"content":{"rendered":"<h1 class=\"wp-block-heading entry-title\">Markteintritts- und Opportunit\u00e4tsforschung<\/h1>\n\n\n\n<p><\/p>\n\n\n\n<figure class=\"gb-block-image gb-block-image-c87852c5\"><img loading=\"lazy\" decoding=\"async\" width=\"1456\" height=\"816\" class=\"gb-image gb-image-c87852c5\" src=\"https:\/\/www.sisinternational.com\/wp-content\/uploads\/2025\/09\/Market-Entry-Consulting-in-China-1.jpg\" srcset=\"https:\/\/www.sisinternational.com\/wp-content\/uploads\/2025\/09\/Market-Entry-Consulting-in-China-1.jpg 1456w, https:\/\/www.sisinternational.com\/wp-content\/uploads\/2025\/09\/Market-Entry-Consulting-in-China-1-300x168.jpg 300w, https:\/\/www.sisinternational.com\/wp-content\/uploads\/2025\/09\/Market-Entry-Consulting-in-China-1-1024x574.jpg 1024w, https:\/\/www.sisinternational.com\/wp-content\/uploads\/2025\/09\/Market-Entry-Consulting-in-China-1-768x430.jpg 768w, https:\/\/www.sisinternational.com\/wp-content\/uploads\/2025\/09\/Market-Entry-Consulting-in-China-1-18x10.jpg 18w\" sizes=\"auto, (max-width: 1456px) 100vw, 1456px\" alt=\"SIS International Marktforschung &amp; Strategie\"><\/figure>\n\n\n\n<p><\/p>\n\n\n\n<h2 class=\"wp-block-heading p1\">SIS Strategy kann Ihnen dabei helfen, M\u00f6glichkeiten in neuen Regionen und vertikalen Branchen zu erkunden.<\/h2>\n\n\n\n<p class=\"p1\">With Market Entry and Opportunity Research, we start by understanding your objectives, then the context of your business within the local or global trends most impacting your decisions. Through our research arm, SIS can further tap into the \u201cVoice of the Customer,\u201d exploring the impact and appetite towards your product or service. Our Competitive Intelligence services will further help you glean insight into the competitive landscape, including possible market adjustments or even investment\/divestment opportunities.&nbsp;Working closely with our local offices\u2014Shanghai, Manila, Seoul, London, and Frankfurt, to name a few\u2014as well as our extensive database of local <a href=\"https:\/\/www.sisinternational.com\/de\/markteintrittschancenforschung-china\/\" title=\"Markteintritts- und Chancenforschung in China\"  data-wpil-monitor-id=\"3606\">market entry and Opportunity<\/a> knowledge, we connect you with incisive intelligence to rapidly capture new opportunities in the marketplace.<\/p>\n\n\n\n<p>Von Ihren Zielen bis zum Marktkontext entwickeln wir kontinuierlich die vor Ort gewonnenen Erkenntnisse, die am wichtigsten sind. Diese Erkenntnisse werden dann verwendet, um die wichtigsten Erkenntnisse und Empfehlungen zu generieren \u2013 zusammen mit den Entscheidungen zu Make\/Partner\/Buy und Go\/No-Go, die Sie ber\u00fccksichtigen m\u00fcssen, wenn Sie \u00fcber den Einstieg in neue oder die Erweiterung bestehender Produktlinien nachdenken.<\/p>\n\n\n\n<h2 class=\"wp-block-heading\">Marktchancen und Markteintrittsthemen<\/h2>\n\n\n\n<ul class=\"wp-block-list\">\n<li>Marktlandschaft \u2013 Bietet der Markt gen\u00fcgend St\u00fcck- und Verkaufsvolumen f\u00fcr einen Markteinstieg?<\/li>\n\n\n\n<li>Market Size&nbsp;\u2013 units and revenue volume<\/li>\n\n\n\n<li>Wettbewerbslandschaft \u2013 wer sind die gr\u00f6\u00dften Wettbewerber?<\/li>\n\n\n\n<li>Vertriebskan\u00e4le<\/li>\n\n\n\n<li>OEMs \u2013 Wer sind die wichtigsten OEMs und k\u00f6nnen Sie eine Beziehung zu ihnen aufbauen?<\/li>\n\n\n\n<li>Soziale, politische und rechtliche Markteintrittsbarrieren<\/li>\n\n\n\n<li>Der inl\u00e4ndische Bedarf wird durch lokale und internationale Lieferanten gedeckt<\/li>\n\n\n\n<li>Ungedeckte Marktbed\u00fcrfnisse<\/li>\n\n\n\n<li>Preisstrategie<\/li>\n\n\n\n<li>Werbestrategie<\/li>\n\n\n\n<li>Bereiche mit Marktchancen<\/li>\n\n\n\n<li>Schlussfolgerungen\/Empfehlungen<\/li>\n<\/ul>\n\n\n\n<h4 class=\"wp-block-heading\">Through our research arm, SIS can further tap into the \u201cVoice of the Customer\u201d, exploring the impact and appetite towards your product or service.&nbsp; Our Competitive Intelligence services will further help you glean insight into the competitive landscape, including possible market adjustments or even investment\/divestment opportunities.<\/h4>\n\n\n\n<h2 class=\"wp-block-heading\"><\/h2>\n\n\n\n<h2 class=\"wp-block-heading\">Was ist Marktchancenforschung?<\/h2>\n\n\n\n<p>Eine Marktchance (MO) ist ein potenzielles Produkt oder eine Dienstleistung, die Verbraucher m\u00f6glicherweise w\u00fcnschen. Wenn andere Unternehmen diese M\u00f6glichkeit nicht anbieten, liegt darin tats\u00e4chlich eine Chance. Daher ist es wichtig, so viele Details wie m\u00f6glich dar\u00fcber zu erhalten, damit Sie von einem neuen Markt profitieren k\u00f6nnen. Hier kommt die Marktforschung ins Spiel. Durch Marktforschung kann ein Unternehmen weitere Informationen \u00fcber die Nachfrage in neuen M\u00e4rkten erhalten. Bei der Durchf\u00fchrung Ihrer MO-Forschung gibt es einige wichtige Bereiche, die zu beachten sind:<\/p>\n\n\n\n<h3 class=\"wp-block-heading\">1. Recherchieren Sie Ihre Kunden und Ihre Konkurrenz.<\/h3>\n\n\n\n<p>Nutzen Sie Marktforschung, um Ihre Kunden und Konkurrenten genau kennenzulernen. So k\u00f6nnen Sie erkennen, ob eine echte Nachfrage nach dem Produkt\/der Dienstleistung besteht und ob es f\u00fcr Ihr Unternehmen \u00fcberhaupt das Risiko wert ist, in einen neuen Markt zu expandieren.<\/p>\n\n\n\n<h3 class=\"wp-block-heading\">2. Verschaffen Sie sich einen umfassenden \u00dcberblick \u00fcber den Markt.<\/h3>\n\n\n\n<p>Bei der Recherche ist es wichtig, einen umfassenden \u00dcberblick \u00fcber den Markt zu erhalten. Sie m\u00fcssen sich beispielsweise folgende Fragen stellen:<\/p>\n\n\n\n<ul class=\"wp-block-list\">\n<li>Wie gro\u00df ist der Markt?<\/li>\n\n\n\n<li>Wie schnell expandiert oder schrumpft es?<\/li>\n\n\n\n<li>Wie viele K\u00e4ufer gibt es?<\/li>\n\n\n\n<li>Wie intensiv ist der Wettbewerb?<\/li>\n<\/ul>\n\n\n\n<h3 class=\"wp-block-heading\">3. Erkunden Sie andere M\u00f6glichkeiten.<\/h3>\n\n\n\n<p>Es ist auch sinnvoll, sich nach anderen Optionen umzusehen. Viele Unternehmen mit einer nachgewiesenen Erfolgsbilanz ber\u00fccksichtigen dies. Ein weiterer wichtiger Punkt ist, dass Sie, wenn Sie am Puls des Marktes sind, neue Wege finden, Ihre Marke zu erweitern. Au\u00dferdem k\u00f6nnen Sie so Ihre Konkurrenten \u00fcbertreffen.<\/p>\n\n\n\n<h4 class=\"wp-block-heading\">4. Verstehen Sie das Gesch\u00e4ftsumfeld.<\/h4>\n\n\n\n<p>Viele Faktoren k\u00f6nnen die Gesch\u00e4ftst\u00e4tigkeit von Unternehmen beeinflussen. Beispiele sind die technologische Entwicklung, Wirtschaftsindikatoren sowie geopolitische Ver\u00e4nderungen. Beispielsweise verursachte der Brexit in Gro\u00dfbritannien, bei dem das Land die EU verlie\u00df, viele Probleme. Der Austritt Gro\u00dfbritanniens aus der EU erh\u00f6hte den Druck auf die Lieferketten au\u00dferhalb des Landes. Gleichzeitig wurde der Transport von Waren in den Rest Europas zu einer Herausforderung.<\/p>\n\n\n\n<h2 class=\"wp-block-heading\">Warum ist die Marktchancenforschung wichtig?<\/h2>\n\n\n\n<p>Eine Marktchance ist f\u00fcr jedes wachsende Unternehmen die M\u00f6glichkeit, sich in einem neuen Markt zu etablieren, beispielsweise mit vielen verschiedenen Smartphone-Typen. In den Anfangstagen der Telefonindustrie gab es Smartphones. Aber keines davon hatte ein intuitives Touchscreen-Display. Das war so, bis Apple erkannte, dass eine Nachfrage bestand. Also entwickelten sie ein intuitives Handheld-Telefon mit vielen Funktionen. Und als Reaktion darauf brachten sie im Juni 2007 das iPhone auf den Markt. Diese Chance und Apples Reaktion darauf ver\u00e4nderten die Marktlandschaft f\u00fcr immer.<\/p>\n\n\n\n<h2 class=\"wp-block-heading\">Wichtige Berufsbezeichnungen<\/h2>\n\n\n\n<p>There are notable jobs in Market Opportunity <a href=\"https:\/\/www.sisinternational.com\/de\/der-datenschatz-der-sozialen-netzwerke-fur-marketingforscher\/\" title=\"Marktforschung zu sozialen Netzwerken: Chancen und Herausforderungen\"  data-wpil-monitor-id=\"2710\">Marktforschung<\/a>.<\/p>\n\n\n\n<ul class=\"wp-block-list\">\n<li>Marktforschungsanalyst<\/li>\n\n\n\n<li>Datenforschungsanalyst<\/li>\n\n\n\n<li>Marketing Manager<\/li>\n<\/ul>\n\n\n\n<h2 class=\"wp-block-heading\">Warum Unternehmen Marktchancenforschung ben\u00f6tigen<\/h2>\n\n\n\n<p>Damit ein Unternehmen \u00fcberleben und gedeihen kann, muss es Marktchancen nutzen. Und dazu braucht es relevante Informationen \u00fcber den Markt, die es nur durch gute Marktforschung gewinnen kann. In solchen F\u00e4llen ist es gut, sich an den Satz zu erinnern: \u201eWenn du es nicht tust, wird es jemand anderes tun.\u201c Es ist besser, wenn Sie sich zuerst in einem neuen Markt etablieren. Besser, als wenn jemand anderes vor Ihnen eintritt und die Markteintrittsbarrieren erh\u00f6ht.<\/p>\n\n\n\n<h2 class=\"wp-block-heading\">Schl\u00fcsselfaktoren f\u00fcr den Erfolg<\/h2>\n\n\n\n<p>For a business is to be successful, it needs to be timely. It needs to be able to work with the most current info. It must also be able to find out the best <a href=\"https:\/\/www.sisinternational.com\/de\/der-afrikanische-markt-im-wandel\/\" title=\"Marktchancenforschung in Afrika\"  data-wpil-monitor-id=\"7247\">opportunities in the market<\/a>. Also, it needs to be thorough. A business that wants to move into a new market or expand must inform itself well. If not, that mistake can allow the competition to take hold of that new market for themselves.<\/p>\n\n\n\n<h2 class=\"wp-block-heading\">\u00dcber Market Opportunity Research<\/h2>\n\n\n\n<p>Nutzen Sie bei Ihrer Marktforschung alle Ihnen zur Verf\u00fcgung stehenden Tools. Es gibt bereits viele Online-Datenbanken, die einen umfassenden \u00dcberblick \u00fcber den Zustand des Marktes bieten. Diese bieten einen gut gestalteten Bericht \u00fcber die quantitativen und qualitativen Ergebnisse. Bedenken Sie, dass Nischenm\u00e4rkte spezifische Daten ben\u00f6tigen. Dar\u00fcber hinaus ist es einfach, an die Informationen zu gelangen, wenn Sie ein ma\u00dfgeschneidertes Marktforschungsprojekt in Auftrag geben. Dabei k\u00f6nnen viele Techniken zum Einsatz kommen, darunter Umfragen, Interviews und Fokusgruppen. Dies sind hervorragende Prim\u00e4rquellen, mit denen Sie die Sammlung wertvoller Daten erweitern k\u00f6nnen.<\/p>\n\n\n\n<p><\/p>\n\n\n\n<p><\/p>\n\n\n\n<p><\/p>","protected":false},"excerpt":{"rendered":"<p>SIS ist ein weltweit f\u00fchrendes Marktforschungs- und Strategieberatungsunternehmen, das umfassende Strategien zur Ermittlung von Marktchancen und -eintritten bietet.<\/p>","protected":false},"author":1,"featured_media":65573,"parent":84510,"menu_order":1,"comment_status":"closed","ping_status":"closed","template":"","meta":{"footnotes":""},"class_list":["post-11829","page","type-page","status-publish","has-post-thumbnail"],"_links":{"self":[{"href":"https:\/\/www.sisinternational.com\/de\/wp-json\/wp\/v2\/pages\/11829","targetHints":{"allow":["GET"]}}],"collection":[{"href":"https:\/\/www.sisinternational.com\/de\/wp-json\/wp\/v2\/pages"}],"about":[{"href":"https:\/\/www.sisinternational.com\/de\/wp-json\/wp\/v2\/types\/page"}],"author":[{"embeddable":true,"href":"https:\/\/www.sisinternational.com\/de\/wp-json\/wp\/v2\/users\/1"}],"replies":[{"embeddable":true,"href":"https:\/\/www.sisinternational.com\/de\/wp-json\/wp\/v2\/comments?post=11829"}],"version-history":[{"count":9,"href":"https:\/\/www.sisinternational.com\/de\/wp-json\/wp\/v2\/pages\/11829\/revisions"}],"predecessor-version":[{"id":80895,"href":"https:\/\/www.sisinternational.com\/de\/wp-json\/wp\/v2\/pages\/11829\/revisions\/80895"}],"up":[{"embeddable":true,"href":"https:\/\/www.sisinternational.com\/de\/wp-json\/wp\/v2\/pages\/84510"}],"wp:featuredmedia":[{"embeddable":true,"href":"https:\/\/www.sisinternational.com\/de\/wp-json\/wp\/v2\/media\/65573"}],"wp:attachment":[{"href":"https:\/\/www.sisinternational.com\/de\/wp-json\/wp\/v2\/media?parent=11829"}],"curies":[{"name":"wp","href":"https:\/\/api.w.org\/{rel}","templated":true}]}}