{"id":11786,"date":"2014-11-28T15:42:16","date_gmt":"2014-11-28T15:42:16","guid":{"rendered":"https:\/\/www.sisinternational.com\/?page_id=11786"},"modified":"2025-09-08T11:47:08","modified_gmt":"2025-09-08T15:47:08","slug":"karriere-bei-sis-international","status":"publish","type":"page","link":"https:\/\/www.sisinternational.com\/de\/uber-sis-international-research\/karriere-bei-sis-international\/","title":{"rendered":"Karriere bei SIS International"},"content":{"rendered":"<figure class=\"gb-block-image gb-block-image-ceeed9c5\"><img loading=\"lazy\" decoding=\"async\" width=\"1158\" height=\"775\" class=\"gb-image gb-image-ceeed9c5\" src=\"https:\/\/www.sisinternational.com\/wp-content\/uploads\/2018\/12\/SIS-Careers.jpg\" srcset=\"https:\/\/www.sisinternational.com\/wp-content\/uploads\/2018\/12\/SIS-Careers.jpg 1158w, https:\/\/www.sisinternational.com\/wp-content\/uploads\/2018\/12\/SIS-Careers-300x201.jpg 300w, https:\/\/www.sisinternational.com\/wp-content\/uploads\/2018\/12\/SIS-Careers-768x514.jpg 768w, https:\/\/www.sisinternational.com\/wp-content\/uploads\/2018\/12\/SIS-Careers-1024x685.jpg 1024w, https:\/\/www.sisinternational.com\/wp-content\/uploads\/2018\/12\/SIS-Careers-200x134.jpg 200w, https:\/\/www.sisinternational.com\/wp-content\/uploads\/2018\/12\/SIS-Careers-400x268.jpg 400w, https:\/\/www.sisinternational.com\/wp-content\/uploads\/2018\/12\/SIS-Careers-600x402.jpg 600w, https:\/\/www.sisinternational.com\/wp-content\/uploads\/2018\/12\/SIS-Careers-800x535.jpg 800w\" sizes=\"auto, (max-width: 1158px) 100vw, 1158px\" alt=\"SIS International Marktforschung &amp; Strategie\"><\/figure>\n\n\n\n<p><\/p>\n\n\n\n<h2 class=\"wp-block-heading\">SIS International Research ist ein weltweit f\u00fchrendes Unternehmen f\u00fcr Marktforschung und Strategieforschung.<\/h2>\n\n\n\n<p>Seit 40 Jahren unterst\u00fctzt SIS viele der einflussreichsten Organisationen der Welt mit Unternehmenseinblicken und Strategiel\u00f6sungen und hilft ihnen so dabei, ihre strategischen Priorit\u00e4ten in die Tat umzusetzen.<\/p>\n\n\n\n<p>Unser Firmensitz befindet sich in New York City. Wir haben Niederlassungen in London und Shanghai. Weitere wichtige Niederlassungen befinden sich in Los Angeles, San Francisco, Boston, Miami, Chicago und Washington DC.<\/p>\n\n\n\n<p>Seit unserer Gr\u00fcndung haben wir ein dynamisches globales Team aufgebaut, das die Entwicklung von Einzelpersonen und Teams f\u00f6rdert. Wir arbeiten \u00fcber Kulturen und Zeitzonen hinweg in einem schnelllebigen, international ausgerichteten Arbeitsumfeld zusammen. Wir legen Wert auf praktisches Lernen, Teamarbeit und Innovation.<\/p>\n\n\n\n<p>Unser Kerngesch\u00e4ft besteht in der Durchf\u00fchrung von Interviews und Umfragen, der Analyse von Daten und der Erstellung von Berichten. Zu unseren Kernl\u00f6sungen geh\u00f6ren Markenforschung, Marktintelligenz, Strategieforschung, Feldarbeit, Datenerfassung und Full-Service-Marktforschung.<\/p>\n\n\n\n<h2 class=\"wp-block-heading p1\">Highlights einer Karriere bei SIS:<\/h2>\n\n\n\n<p>Bei SIS arbeiten wir stark teamorientiert. Wir arbeiten als flexibles, koh\u00e4rentes globales Team mit Fachleuten unterschiedlicher Hintergr\u00fcnde und F\u00e4higkeiten. Dieses Umfeld erm\u00f6glicht es unserem dynamischen Team, in einer schnelllebigen globalen Wirtschaft effektiv zu kommunizieren und zusammenzuarbeiten.<\/p>\n\n\n\n<p>Bei SIS legen wir Wert darauf, ein vielf\u00e4ltiges, multikulturelles Gesch\u00e4ftsumfeld zu f\u00f6rdern, in dem unsere Fachkr\u00e4fte mit unterschiedlichen Kulturen interagieren. Unsere internationale Perspektive ermutigt uns, in Teams \u00fcber verschiedene Kulturen hinweg effizient zusammenzuarbeiten.<\/p>\n\n\n\n<p>Hier bei SIS werden viele Sprachen gesprochen \u2013 weltweit und in unseren B\u00fcros. Einige der hier gesprochenen Sprachen sind Slowakisch, Usbekisch und Laotisch!<\/p>\n\n\n\n<p>SIS bietet praktische Erfahrung und Schulungen mit F\u00fchrungskr\u00e4ften und stellt ein einzigartiges Team aus erfahrenen und qualifizierten Fachkr\u00e4ften bereit. Angesichts unserer globalen Reichweite bieten sich zahlreiche F\u00fchrungschancen f\u00fcr unternehmerisch denkende und flei\u00dfige Menschen. Schulungen, Mentoring, Thought Leadership, Reisen und praktisches Lernen sind nur einige der M\u00f6glichkeiten, wie Menschen bei SIS wachsen k\u00f6nnen.<\/p>\n\n\n\n<p>SIS wurde in den 1980er Jahren von einem leidenschaftlichen Unternehmer gegr\u00fcndet und ist seitdem durch unser Engagement f\u00fcr Unternehmertum und Innovation schnell gewachsen. Daher ermutigen wir unsere Teammitglieder, herauszufinden, wof\u00fcr sie sich am meisten begeistern. Wir haben festgestellt, dass dies Innovation, Kreativit\u00e4t und Unternehmertum f\u00f6rdert, da unsere Fachkr\u00e4fte einen Karriereweg einschlagen und ihr volles Potenzial entfalten.<\/p>\n\n\n\n<p><\/p>","protected":false},"excerpt":{"rendered":"<p>SIS International Research ist ein f\u00fchrendes globales Marktforschungs- und Strategieberatungsunternehmen mit Niederlassungen auf der ganzen Welt. Erfahren Sie mehr \u00fcber Karrierem\u00f6glichkeiten bei SIS.<\/p>","protected":false},"author":1,"featured_media":64031,"parent":14777,"menu_order":0,"comment_status":"closed","ping_status":"closed","template":"","meta":{"footnotes":""},"class_list":["post-11786","page","type-page","status-publish","has-post-thumbnail"],"_links":{"self":[{"href":"https:\/\/www.sisinternational.com\/de\/wp-json\/wp\/v2\/pages\/11786","targetHints":{"allow":["GET"]}}],"collection":[{"href":"https:\/\/www.sisinternational.com\/de\/wp-json\/wp\/v2\/pages"}],"about":[{"href":"https:\/\/www.sisinternational.com\/de\/wp-json\/wp\/v2\/types\/page"}],"author":[{"embeddable":true,"href":"https:\/\/www.sisinternational.com\/de\/wp-json\/wp\/v2\/users\/1"}],"replies":[{"embeddable":true,"href":"https:\/\/www.sisinternational.com\/de\/wp-json\/wp\/v2\/comments?post=11786"}],"version-history":[{"count":8,"href":"https:\/\/www.sisinternational.com\/de\/wp-json\/wp\/v2\/pages\/11786\/revisions"}],"predecessor-version":[{"id":67526,"href":"https:\/\/www.sisinternational.com\/de\/wp-json\/wp\/v2\/pages\/11786\/revisions\/67526"}],"up":[{"embeddable":true,"href":"https:\/\/www.sisinternational.com\/de\/wp-json\/wp\/v2\/pages\/14777"}],"wp:featuredmedia":[{"embeddable":true,"href":"https:\/\/www.sisinternational.com\/de\/wp-json\/wp\/v2\/media\/64031"}],"wp:attachment":[{"href":"https:\/\/www.sisinternational.com\/de\/wp-json\/wp\/v2\/media?parent=11786"}],"curies":[{"name":"wp","href":"https:\/\/api.w.org\/{rel}","templated":true}]}}