{"id":11312,"date":"2014-11-05T01:56:14","date_gmt":"2014-11-05T01:56:14","guid":{"rendered":"https:\/\/www.sisinternational.com\/upgrade\/?page_id=11312"},"modified":"2026-01-24T17:20:22","modified_gmt":"2026-01-24T22:20:22","slug":"osteuropa-marktforschung","status":"publish","type":"page","link":"https:\/\/www.sisinternational.com\/de\/abdeckung\/europa\/osteuropa-marktforschung\/","title":{"rendered":"Marktforschung f\u00fcr Osteuropa"},"content":{"rendered":"<h1 class=\"wp-block-heading\">Marktforschung f\u00fcr Osteuropa<\/h1>\n\n\n\n<figure class=\"gb-block-image gb-block-image-d67a954e\"><img loading=\"lazy\" decoding=\"async\" width=\"1456\" height=\"816\" class=\"gb-image gb-image-d67a954e\" src=\"https:\/\/www.sisinternational.com\/wp-content\/uploads\/2025\/09\/Eastern-Europe-market-research-3.jpg\" srcset=\"https:\/\/www.sisinternational.com\/wp-content\/uploads\/2025\/09\/Eastern-Europe-market-research-3.jpg 1456w, https:\/\/www.sisinternational.com\/wp-content\/uploads\/2025\/09\/Eastern-Europe-market-research-3-300x168.jpg 300w, https:\/\/www.sisinternational.com\/wp-content\/uploads\/2025\/09\/Eastern-Europe-market-research-3-1024x574.jpg 1024w, https:\/\/www.sisinternational.com\/wp-content\/uploads\/2025\/09\/Eastern-Europe-market-research-3-768x430.jpg 768w, https:\/\/www.sisinternational.com\/wp-content\/uploads\/2025\/09\/Eastern-Europe-market-research-3-18x10.jpg 18w\" sizes=\"auto, (max-width: 1456px) 100vw, 1456px\" alt=\"SIS International Marktforschung &amp; Strategie\"><\/figure>\n\n\n\n<p><\/p>\n\n\n\n<hr class=\"wp-block-separator has-alpha-channel-opacity is-style-dots\"\/>\n\n\n\n<p>Die L\u00e4nder Mittel- und Osteuropas liegen nah an Westeuropa, unterscheiden sich aber in wesentlichen Punkten von anderen L\u00e4ndern.<\/p>\n\n\n\n<p class=\"p1\">Die meisten von ihnen sind klein, haben eine relativ offene Wirtschaft und sind vom Export abh\u00e4ngig. Sie haben unterschiedliche Sprachen und unterschiedliche kulturelle Normen.<\/p>\n\n\n\n<p class=\"p1\">The CEE region represents 11 countries.&nbsp; In the Baltic region, the countries include Estonia, Latvia and Lithuania.&nbsp; Central European countries consist of Poland, Czech Republic, Slovakia and Hungary.&nbsp; The Balkan region includes Croatia, Slovenia, Serbia, Montenegro, Bosnia, Herzegovina, Macedonia, Kosovo, Romania and Bulgaria.<\/p>\n\n\n\n<h2 class=\"wp-block-heading p1\">Osteuropa ist ein Lichtblick des Wirtschaftswachstums.<\/h2>\n\n\n\n<p class=\"p1\">CEE countries are categorized by\u00a0global investors as\u00a0a\u00a0region with high growth potential and high attractiveness to establish company operations. Major growing economies include Poland, the Czech Republic, and\u00a0Romania.<\/p>\n\n\n\n<p class=\"p1\">The Automotive Industry is strong,\u00a0especially in the Czech Republic (\u0160koda), Slovakia (Kia, Citroen), Hungary (Mercedes-Benz), and Romania (Ford). Simultaneously, high sales growth comes from car distribution, the food industry, and wholesale trade. Other major industries include Biotechnology, Education, and the Consumer Goods sectors.<\/p>\n\n\n\n<p class=\"p1\">Eastern European countries also benefit from their proximity to\u00a0Turkey and Russia, which are becoming new powerhouses in terms of economic growth, new business opportunities, and investments.<\/p>\n\n\n\n<p>Numerous Manufacturing opportunities abound as a result of lower production costs and lower costs of living.&nbsp; Eastern European economies are part of the European Union and can avoid import duties.&nbsp; With the free movement of goods and services in the EU, Eastern Europe has become a manufacturing hub for European countries.<\/p>\n\n\n\n<h2 class=\"wp-block-heading\">Chancen in der Technologie<\/h2>\n\n\n\n<p class=\"p1\">Der <a href=\"https:\/\/www.sisinternational.com\/de\/sachverstand\/branchen\/lebensmittel-und-getranketechnologie-marktforschung-lebensmitteltechnologie\/\" title=\"Marktforschung f\u00fcr Lebensmittel- und Getr\u00e4nketechnologie | Food Tech\"  data-wpil-monitor-id=\"10809\">markets have opportunities in high technology<\/a> sectors as a result of educated workforces, multilingual staff, competitive cost of living and access to Western Europe.&nbsp; This regional advantage provides the opportunity for businesses to lead <a href=\"https:\/\/www.sisinternational.com\/de\/sis-bringt-neue-digitale-forschungslosungen-auf-den-markt\/\" title=\"SIS f\u00fchrt neue Digital Research-L\u00f6sungen ein\"  data-wpil-monitor-id=\"10803\">innovation and Digital<\/a> Disruption.<\/p>\n\n\n\n<p class=\"p1\">The increased presence of mobile devices and technology availability may lead to higher demand for certain products and services.&nbsp; <a href=\"https:\/\/www.sisinternational.com\/de\/losungen\/fintech-strategieberatung-forschung\/regulierungstechnologieforschung\/\" title=\"Regulation Technology Market Research\"  data-wpil-monitor-id=\"10811\">Technology adoption in these markets<\/a> can also them to play a creative role in re-inventing consumption patterns.<\/p>\n\n\n\n<p class=\"p1\">Angesichts der Tatsache, dass Europa aus vielen Staaten mit jeweils eigener Kultur und Tradition besteht, kann es hilfreich sein, sich auch auf <i>Psychologische Variablen<\/i>&nbsp;die tendenziell st\u00e4rker sind als demografische Faktoren und <i>kulturelles Erbe<\/i> that may induce unique consumers&nbsp;perceptions and reactions.<\/p>\n\n\n\n<h2 class=\"wp-block-heading\">\u00dcberlegungen zur Markteintrittsstrategie<\/h2>\n\n\n\n<p class=\"p1\">Before entering a new <a href=\"https:\/\/www.sisinternational.com\/de\/sachverstand\/lebenslaufe\/marktforschung-fur-korperpflegeprodukte\/\" title=\"Marktforschung f\u00fcr K\u00f6rperpflegeprodukte\"  data-wpil-monitor-id=\"10814\">market with a new product<\/a>, technology, or services, it is important to get to know the critical business variables, customer perceptions and economic, political, or cultural differences of a particular country.\u00a0 <a href=\"https:\/\/www.sisinternational.com\/de\/sis-fallstudie-zu-store-insights-weltweit\/\" title=\"Einblicke in die Kundenerfahrung im Gesch\u00e4ft \u2013 Fallstudie zur Marktforschung\"  data-wpil-monitor-id=\"10807\">Market Research uncovers these insights<\/a> and can help you develop a Go To Market strategy.<\/p>\n\n\n\n<h2 class=\"wp-block-heading\">Marktforschung in Osteuropa<\/h2>\n\n\n\n<p><a href=\"https:\/\/www.sisinternational.com\/de\/sachverstand\/branchen\/trainingsdaten-marktforschung\/\" title=\"Marktforschung zu Trainingsdaten\"  data-wpil-monitor-id=\"10805\">Market Research uncovers data<\/a> and insight on customers.&nbsp; Qualitative <a href=\"https:\/\/www.sisinternational.com\/de\/losungen\/innovation\/verhaltensokonomie-in-der-marktforschung\/\" title=\"Verhaltens\u00f6konomie in der Marktforschung\"  data-wpil-monitor-id=\"10816\">Research uncovers the reasons behind behavior<\/a> and preferences.&nbsp; <a href=\"https:\/\/www.sisinternational.com\/de\/top-5-benefits-of-conducting-quantitative-market-research\/\" title=\"Top 5 Benefits of Conducting Quantitative Market Research\"  data-wpil-monitor-id=\"10802\">Quantitative Marktforschung<\/a> measures the extent of phenomena.&nbsp; Strategy <a href=\"https:\/\/www.sisinternational.com\/de\/eintritt-in-den-osteuropaischen-markt\/\" title=\"Markteintrittsforschung f\u00fcr Osteuropa\"  data-wpil-monitor-id=\"2621\">Research analyzes the Market<\/a> Opportunities, Market Entry considerations and Competitive Dynamics in your industry.<\/p>\n\n\n\n<p>SIS has over 40+ years of experience in conducting <a href=\"https:\/\/www.sisinternational.com\/de\/trends-im-wellness-und-gesundheitsmarkt-in-europa\/\" title=\"Marktforschung im Gesundheits- und Wellnessbereich in Europa\"  data-wpil-monitor-id=\"1712\">research in Eastern Europe<\/a>.\u00a0 We conduct:<\/p>\n\n\n\n<ul class=\"wp-block-list\">\n<li>Schwerpunktgruppen<\/li>\n\n\n\n<li>Kundeninterviews<\/li>\n\n\n\n<li>Umfragen<\/li>\n\n\n\n<li>Wettbewerbsanalyse<\/li>\n\n\n\n<li>Marktchancen-, Markteintritts- und Gr\u00f6\u00dfeneinsch\u00e4tzungen<\/li>\n<\/ul>\n\n\n\n<h2 class=\"wp-block-heading\">Die wachsenden Volkswirtschaften Osteuropas bieten zahlreiche Chancen.<\/h2>\n\n\n\n<h2 class=\"wp-block-heading\">&nbsp;<\/h2>","protected":false},"excerpt":{"rendered":"<p>SIS ist ein f\u00fchrendes Unternehmen in der Marktforschung in Osteuropa und bietet qualitative und quantitative Forschungsl\u00f6sungen f\u00fcr strategische Entscheidungen.<\/p>","protected":false},"author":1,"featured_media":66165,"parent":14510,"menu_order":0,"comment_status":"closed","ping_status":"closed","template":"","meta":{"footnotes":""},"class_list":["post-11312","page","type-page","status-publish","has-post-thumbnail"],"_links":{"self":[{"href":"https:\/\/www.sisinternational.com\/de\/wp-json\/wp\/v2\/pages\/11312","targetHints":{"allow":["GET"]}}],"collection":[{"href":"https:\/\/www.sisinternational.com\/de\/wp-json\/wp\/v2\/pages"}],"about":[{"href":"https:\/\/www.sisinternational.com\/de\/wp-json\/wp\/v2\/types\/page"}],"author":[{"embeddable":true,"href":"https:\/\/www.sisinternational.com\/de\/wp-json\/wp\/v2\/users\/1"}],"replies":[{"embeddable":true,"href":"https:\/\/www.sisinternational.com\/de\/wp-json\/wp\/v2\/comments?post=11312"}],"version-history":[{"count":6,"href":"https:\/\/www.sisinternational.com\/de\/wp-json\/wp\/v2\/pages\/11312\/revisions"}],"predecessor-version":[{"id":81774,"href":"https:\/\/www.sisinternational.com\/de\/wp-json\/wp\/v2\/pages\/11312\/revisions\/81774"}],"up":[{"embeddable":true,"href":"https:\/\/www.sisinternational.com\/de\/wp-json\/wp\/v2\/pages\/14510"}],"wp:featuredmedia":[{"embeddable":true,"href":"https:\/\/www.sisinternational.com\/de\/wp-json\/wp\/v2\/media\/66165"}],"wp:attachment":[{"href":"https:\/\/www.sisinternational.com\/de\/wp-json\/wp\/v2\/media?parent=11312"}],"curies":[{"name":"wp","href":"https:\/\/api.w.org\/{rel}","templated":true}]}}