{"id":11298,"date":"2014-11-05T01:52:20","date_gmt":"2014-11-05T01:52:20","guid":{"rendered":"https:\/\/www.sisinternational.com\/upgrade\/?page_id=11298"},"modified":"2026-01-25T18:00:29","modified_gmt":"2026-01-25T23:00:29","slug":"online-bulletin-diskussionsforen","status":"publish","type":"page","link":"https:\/\/www.sisinternational.com\/de\/losungen\/qualitative-quantitative-forschungslosungen\/online-bulletin-diskussionsforen\/","title":{"rendered":"Online Qualitative Marktforschung"},"content":{"rendered":"<h1 class=\"gb-headline gb-headline-bf3f1a97 gb-headline-text\">Online-L\u00f6sungen f\u00fcr qualitative Forschung<\/h1>\n\n\n\n<figure class=\"gb-block-image gb-block-image-27ef2ac0\"><img loading=\"lazy\" decoding=\"async\" width=\"1456\" height=\"816\" class=\"gb-image gb-image-27ef2ac0\" src=\"https:\/\/www.sisinternational.com\/wp-content\/uploads\/2025\/08\/Online-focus-group-19-1.jpg\" srcset=\"https:\/\/www.sisinternational.com\/wp-content\/uploads\/2025\/08\/Online-focus-group-19-1.jpg 1456w, https:\/\/www.sisinternational.com\/wp-content\/uploads\/2025\/08\/Online-focus-group-19-1-300x168.jpg 300w, https:\/\/www.sisinternational.com\/wp-content\/uploads\/2025\/08\/Online-focus-group-19-1-1024x574.jpg 1024w, https:\/\/www.sisinternational.com\/wp-content\/uploads\/2025\/08\/Online-focus-group-19-1-768x430.jpg 768w, https:\/\/www.sisinternational.com\/wp-content\/uploads\/2025\/08\/Online-focus-group-19-1-18x10.jpg 18w\" sizes=\"auto, (max-width: 1456px) 100vw, 1456px\" alt=\"SIS International Marktforschung &amp; Strategie\"><\/figure>\n\n\n\n<p><\/p>\n\n\n\n<hr class=\"wp-block-separator has-alpha-channel-opacity is-style-dots\"\/>\n\n\n\n<h2 class=\"wp-block-heading p1\">Ihre Kunden verbringen mehr Zeit online. Qualitative Onlineforschung liefert Erkenntnisse, die Ihnen helfen, die Leistung Ihres Unternehmens zu steigern.<\/h2>\n\n\n\n<p><span style=\"font-weight: 400;\">Das Aufkommen qualitativer Online-Forschungsl\u00f6sungen markiert einen bedeutenden Wandel von traditionellen Methoden und bietet eine Reihe von Tools, die tiefer in die qualitativen Aspekte der Marktforschung eintauchen. Diese L\u00f6sungen nutzen modernste Technologie, um ein Ma\u00df an Detailliertheit und Nuancen zu bieten, das zuvor unerreichbar war, und erm\u00f6glichen so ein umfassenderes Verst\u00e4ndnis der Marktlandschaft.<\/span><\/p>\n\n\n\n<h2 class=\"wp-block-heading\"><strong>Bedeutung der Auswahl der richtigen Online-L\u00f6sungen f\u00fcr qualitative Forschung<\/strong><\/h2>\n\n\n\n<p><span style=\"font-weight: 400;\">Online-L\u00f6sungen f\u00fcr qualitative Forschung bieten einen einzigartigen Blickwinkel, um die Feinheiten des Kundenverhaltens und der Markttrends zu verstehen. Im Gegensatz zu quantitativen Methoden, die statistische Daten liefern, befasst sich die qualitative Forschung mit dem \u201eWarum\u201c hinter den Entscheidungen der Verbraucher. Diese tieferen Einblicke sind f\u00fcr Unternehmen von entscheidender Bedeutung, um ihre Produkte und Marketingstrategien effektiv anzupassen.<\/span><\/p>\n\n\n\n<p><span style=\"font-weight: 400;\">Durch den Einsatz moderner Tools wie virtueller Fokusgruppen, ausf\u00fchrlicher Interviews und Online-Ethnographie k\u00f6nnen Unternehmen umfangreiche, differenzierte Daten sammeln, die mit herk\u00f6mmlichen Methoden m\u00f6glicherweise nicht erfasst werden.<\/span><\/p>\n\n\n\n<h2 class=\"wp-block-heading\">Arten der qualitativen Online-Forschung<\/h2>\n\n\n\n<h3 class=\"wp-block-heading\"><strong>Online-Bulletin Boards<\/strong><\/h3>\n\n\n\n<p class=\"p1\">An Online-Bulletin Boards nehmen normalerweise 10 bis 20 Teilnehmer teil. Kunden k\u00f6nnen teilnehmen und bei der Durchf\u00fchrung der Studie helfen, indem sie die von den Teilnehmern generierten Inhalte \u00fcberwachen. Aus Kundensicht ist dies ein klarer Vorteil dieser Forschungsmethode, da sie den Endbeteiligten eine direktere M\u00f6glichkeit bietet, Teilnehmer einzubeziehen, ohne ihr Feedback zu verzerren.<\/p>\n\n\n\n<h3 class=\"wp-block-heading p1\"><strong>Video-Interviews<\/strong><\/h3>\n\n\n\n<p class=\"p1\">Now, with the emergence of mobile video platforms, researchers are using respondent-generated video content to gain much deeper insights into consumer behavior. Qualitative Research platforms can now analyze voice, behavior, and words spoken.&nbsp; With the ability to capture video and audio generated by respondents, researchers can analyze \u201cdigital body language,\u201d or the nonverbal communication that was once only accessible by conducting in-person studies.<\/p>\n\n\n\n<h3 class=\"wp-block-heading\"><b>Virtuelle Fokusgruppen<\/b><\/h3>\n\n\n\n<p><span style=\"font-weight: 400;\">Diese werden online durchgef\u00fchrt, sodass Teilnehmer aus verschiedenen geografischen Standorten an Diskussionen teilnehmen k\u00f6nnen. Zu den Tools f\u00fcr diese Sitzungen geh\u00f6ren h\u00e4ufig Videokonferenzplattformen mit Funktionen f\u00fcr Echtzeitinteraktion und Datenerfassung.<\/span><\/p>\n\n\n\n<p><span style=\"font-weight: 400;\">Virtual Focus Groups are like traditional focus group discussions but conducted over the Internet using digital platforms. The primary goal is to gather qualitative data by encouraging participant interaction and discussion. These discussions can reveal insights into consumer attitudes, perceptions, and decision-making processes that might not be apparent in quantitative surveys.<\/span><\/p>\n\n\n\n<h3 class=\"wp-block-heading\"><b>Online-Tiefeninterviews (IDIs)<\/b><\/h3>\n\n\n\n<p><span style=\"font-weight: 400;\"><a href=\"https:\/\/www.sisinternational.com\/de\/personliche-interviews-und-online-interviews-die-vor-und-nachteile\/\" title=\"F2F-Interviews und Online-Interviews: Die Vor- und Nachteile\"  data-wpil-monitor-id=\"970\">Online in-depth interviews<\/a> involve one-on-one sessions between a researcher and a participant, conducted using online communication tools such as video conferencing software. The aim is to deeply understand the participant\u2019s perspectives, experiences, or behaviors. These interviews allow for the exploration of complex topics, with the flexibility to probe and ask follow-up questions based on the participant&#8217;s responses.<\/span><\/p>\n\n\n\n<h3 class=\"wp-block-heading\"><b>Mobile Ethnographie<\/b><\/h3>\n\n\n\n<p><span style=\"font-weight: 400;\">Mobile ethnography is an innovative and increasingly popular method within <a href=\"https:\/\/www.sisinternational.com\/de\/losungen\/qualitative-quantitative-forschungslosungen\/ethnographie\/\" title=\"Ethnographie Marktforschung\"  data-wpil-monitor-id=\"6459\">online qualitative research<\/a> solutions that leverages mobile technology to gather deep, contextual insights into consumer behavior and experiences.&nbsp;<\/span><\/p>\n\n\n\n<p><span style=\"font-weight: 400;\">Bei der mobilen Ethnographie verwenden die Teilnehmer ihre eigenen Mobilger\u00e4te, um ihre t\u00e4glichen Erfahrungen, Interaktionen und Umgebungen in Echtzeit zu dokumentieren und zu teilen. Ziel ist es, durch Beobachtung in ihrer nat\u00fcrlichen Umgebung ein echtes Verst\u00e4ndnis f\u00fcr das Verhalten, den Lebensstil und die Kontexte der Verbraucher zu erlangen. Diese Methode bietet im Vergleich zu herk\u00f6mmlichen Forschungsmethoden eine authentischere und ganzheitlichere Sicht auf das Verbrauchererlebnis.<\/span><\/p>\n\n\n\n<h3 class=\"wp-block-heading\"><b>Online-Umfragen und Abstimmungen<\/b><\/h3>\n\n\n\n<p><span style=\"font-weight: 400;\">Online-Umfragen und -Befragungen sind digitale Frageb\u00f6gen oder Umfragen, die dazu dienen, Informationen von zahlreichen Befragten \u00fcber das Internet zu sammeln. Sie werden normalerweise f\u00fcr quantitative Daten verwendet, k\u00f6nnen aber auch zur Gewinnung qualitativer Erkenntnisse verwendet werden, indem offene Fragen einbezogen werden, die es den Befragten erm\u00f6glichen, ihre Gedanken und Meinungen detailliert auszudr\u00fccken.<\/span><\/p>\n\n\n\n<h2 class=\"wp-block-heading p1\">Vorteile der qualitativen Online-Forschung<\/h2>\n\n\n\n<figure class=\"gb-block-image gb-block-image-0b88801b\"><img loading=\"lazy\" decoding=\"async\" width=\"1456\" height=\"816\" class=\"gb-image gb-image-0b88801b\" src=\"https:\/\/www.sisinternational.com\/wp-content\/uploads\/2025\/08\/Online-focus-group-6-1.jpg\" srcset=\"https:\/\/www.sisinternational.com\/wp-content\/uploads\/2025\/08\/Online-focus-group-6-1.jpg 1456w, https:\/\/www.sisinternational.com\/wp-content\/uploads\/2025\/08\/Online-focus-group-6-1-300x168.jpg 300w, https:\/\/www.sisinternational.com\/wp-content\/uploads\/2025\/08\/Online-focus-group-6-1-1024x574.jpg 1024w, https:\/\/www.sisinternational.com\/wp-content\/uploads\/2025\/08\/Online-focus-group-6-1-768x430.jpg 768w, https:\/\/www.sisinternational.com\/wp-content\/uploads\/2025\/08\/Online-focus-group-6-1-18x10.jpg 18w\" sizes=\"auto, (max-width: 1456px) 100vw, 1456px\" alt=\"SIS International Marktforschung &amp; Strategie\"><\/figure>\n\n\n\n<p><\/p>\n\n\n\n<p><span style=\"font-weight: 400;\">Die qualitative Online-Forschung bietet gegen\u00fcber herk\u00f6mmlichen Methoden mehrere Vorteile:<\/span><\/p>\n\n\n\n<p><b>\u2022 Gr\u00f6\u00dfere geografische Reichweite und Vielfalt:<\/b><span style=\"font-weight: 400;\"> Online-Forschung \u00fcberwindet geografische Barrieren und erm\u00f6glicht es Forschern, mit Teilnehmern aus verschiedenen Standorten zusammenzuarbeiten. Dies erh\u00f6ht die Vielfalt und den Umfang der gesammelten Daten.<\/span><\/p>\n\n\n\n<p><b>\u2022 Kosteneffektivit\u00e4t:<\/b><span style=\"font-weight: 400;\"> Es reduziert die Kosten f\u00fcr Reisen, Veranstaltungsortmieten und Druckmaterialien. Online-Tools sind oft kosteng\u00fcnstiger und machen die Recherche zug\u00e4nglicher.<\/span><\/p>\n\n\n\n<p><b>\u2022 Zeiteffizienz: <\/b><span style=\"font-weight: 400;\">Die Planung und Durchf\u00fchrung von Interviews, Fokusgruppen oder Umfragen online kann zeitsparender sein. Teilnehmer und Forscher k\u00f6nnen von ihrem jeweiligen Arbeitsumfeld aus teilnehmen und sparen so Zeit f\u00fcr Fahrten und Vorbereitung.<\/span><\/p>\n\n\n\n<p><b>\u2022 Flexibilit\u00e4t bei der Datenerfassung: <\/b><span style=\"font-weight: 400;\">Online-Plattformen bieten verschiedene Methoden zur Datenerfassung, wie Chat, Videoanrufe oder Foren. Diese Flexibilit\u00e4t kann zu detaillierteren und vielf\u00e4ltigeren Daten f\u00fchren.<\/span><\/p>\n\n\n\n<p><b>\u2022 Innovative Datenanalyse-Tools:<\/b><span style=\"font-weight: 400;\"> Online research tools often include advanced data analysis features, enabling more sophisticated and quicker qualitative data analysis.<\/span><\/p>\n\n\n\n<p><b>\u2022 Zug\u00e4nglichkeit f\u00fcr Teilnehmer mit Behinderungen: <\/b><span style=\"font-weight: 400;\">Online methods can be more accessible for people with physical disabilities or those who cannot travel.<\/span><\/p>\n\n\n\n<p><b>\u2022 Datenerfassung und -analyse in Echtzeit:<\/b><span style=\"font-weight: 400;\"> Online-Tools erm\u00f6glichen die sofortige Datenerfassung und -analyse und unterst\u00fctzen so einen dynamischeren Forschungsprozess.<\/span><\/p>\n\n\n\n<p><b>\u2022 L\u00e4ngsschnittstudien leicht gemacht: <\/b><span style=\"font-weight: 400;\">Online-Plattformen erleichtern die Durchf\u00fchrung von L\u00e4ngsschnittstudien, da Teilnehmer ohne geografische Einschr\u00e4nkungen f\u00fcr Folgestudien erreicht werden k\u00f6nnen.<\/span><\/p>\n\n\n\n<h2 class=\"wp-block-heading\"><strong>M\u00f6glichkeiten der qualitativen Online-Forschung<\/strong><\/h2>\n\n\n\n<p><span style=\"font-weight: 400;\">Die qualitative Online-Forschung bietet Unternehmen zahlreiche M\u00f6glichkeiten, darunter:<\/span><\/p>\n\n\n\n<p><b>\u2022 Marktsegmentierung:<\/b><span style=\"font-weight: 400;\"> Online-Tools erm\u00f6glichen effiziente Segmentierungsstudien und helfen Unternehmen dabei, unterschiedliche Kundengruppen zu identifizieren und zu verstehen und ihre Angebote entsprechend anzupassen.<\/span><\/p>\n\n\n\n<p><b>\u2022 Produktentwicklung und Innovation: <\/b><span style=\"font-weight: 400;\">Die Online-Interaktion mit Kunden kann wertvolles Feedback f\u00fcr die Produktentwicklung liefern. Dies kann zu innovativeren und benutzerorientierteren Produkten oder Dienstleistungen f\u00fchren.<\/span><\/p>\n\n\n\n<p><b>\u2022 Testen von Marketingkampagnen: <\/b><span style=\"font-weight: 400;\">Vor der vollst\u00e4ndigen Einf\u00fchrung k\u00f6nnen Marketingkampagnen mithilfe von Online-Fokusgruppen oder Umfragen getestet werden, um ihre Wirksamkeit zu messen und notwendige Anpassungen vorzunehmen.<\/span><\/p>\n\n\n\n<p><b>\u2022 Globale Reichweite:<\/b><span style=\"font-weight: 400;\"> Online <a href=\"https:\/\/www.sisinternational.com\/de\/sachverstand\/branchen\/marktforschung-fur-regenbekleidung\/\" title=\"Marktforschung f\u00fcr Regenbekleidung\"  data-wpil-monitor-id=\"4519\">research allows businesses to reach international markets<\/a> and understand global trends, aiding in expansion and global marketing strategies.<\/span><\/p>\n\n\n\n<p><b>\u2022 Mitarbeiterfeedback und Engagement: <\/b><span style=\"font-weight: 400;\">Unternehmen k\u00f6nnen mithilfe qualitativer Onlinemethoden auch Feedback von Mitarbeitern sammeln und so interne Prozesse und das Arbeitsumfeld verbessern.<\/span><\/p>\n\n\n\n<p><b>\u2022 Erkenntnisse zum Krisenmanagement: <\/b>In times of crisis, online <a href=\"https:\/\/www.sisinternational.com\/de\/sachverstand\/branchen\/bademodenmarktforschung\/\" title=\"Marktforschung f\u00fcr Bademode\"  data-wpil-monitor-id=\"4542\">research can provide rapid insights into market<\/a> reactions and consumer sentiments, enabling quicker and more effective response strategies.<\/span><\/p>\n\n\n\n<p><b>\u2022 Aufbau langfristiger Beziehungen:<\/b><span style=\"font-weight: 400;\"> Engaging customers and stakeholders in ongoing research can help build long-term relationships and <a href=\"https:\/\/www.sisinternational.com\/de\/qualitative-forschung-in-china\/\" title=\"Qualitative Forschung in China\"  data-wpil-monitor-id=\"2197\">brand<\/a> loyalty.<\/span><\/p>\n\n\n\n<h2 class=\"wp-block-heading\"><strong>Herausforderungen in der qualitativen Onlineforschung<\/strong><\/h2>\n\n\n\n<p><span style=\"font-weight: 400;\">Die qualitative Online-Forschung bietet zwar zahlreiche Vorteile, bringt f\u00fcr Unternehmen aber auch einige Herausforderungen mit sich:<\/span><\/p>\n\n\n\n<p><b>\u2022 Digitale Kluft und Probleme der Zug\u00e4nglichkeit: <\/b><span style=\"font-weight: 400;\">Not all target audiences may have equal access to digital platforms or the Internet. If certain demographics are underrepresented, this can lead to skewed results.<\/span><\/p>\n\n\n\n<p><b>\u2022 Engagement und Teilnahmequoten:<\/b><span style=\"font-weight: 400;\"> Maintaining participant engagement online can be challenging. There&#8217;s also a risk of higher dropout rates in online studies compared to face-to-face interactions.<\/span><\/p>\n\n\n\n<p><b>\u2022 Nonverbale Hinweise und Datentiefe: <\/b><span style=\"font-weight: 400;\">Online interactions may lack the richness of non-verbal cues in face-to-face interviews, potentially impacting the depth and quality of data collected.<\/span><\/p>\n\n\n\n<p><b>\u2022 Technische Herausforderungen und Zuverl\u00e4ssigkeit: <\/b><span style=\"font-weight: 400;\">Technische Probleme wie eine schlechte Internetverbindung, Softwarefehler oder die Unkenntnis digitaler Tools k\u00f6nnen die Qualit\u00e4t und Konsistenz der Forschungsergebnisse beeintr\u00e4chtigen.<\/span><\/p>\n\n\n\n<p><b>\u2022 Authentizit\u00e4t und Ehrlichkeit der Teilnehmer: <\/b><span style=\"font-weight: 400;\">Ensuring participants&#8217; authenticity and responses is more challenging online, as the lack of physical presence can encourage dishonesty or misrepresentation.<\/span><\/p>\n\n\n\n<p><b>\u2022 Kulturelle und sprachliche Barrieren: <\/b><span style=\"font-weight: 400;\">When researching different countries and cultures, linguistic and cultural barriers can be more pronounced, affecting communication and understanding.<\/span><\/p>\n\n\n\n<p><b>\u2022 Vertrauensbildung: <\/b><span style=\"font-weight: 400;\">Der Aufbau einer Beziehung und eines Vertrauensverh\u00e4ltnisses zu den Teilnehmern kann online schwieriger sein, was sich auf die Qualit\u00e4t der Interaktionen und der erfassten Daten auswirken kann.<\/span><\/p>\n\n\n\n<h2 class=\"wp-block-heading\">Unser Standort in New York<\/h2>\n\n\n\n<p>\n\n\n\n<iframe loading=\"lazy\" src=\"https:\/\/www.google.com\/maps\/embed?pb=!1m18!1m12!1m3!1d3022.976188376966!2d-73.99130312499956!3d40.740549471389315!2m3!1f0!2f0!3f0!3m2!1i1024!2i768!4f13.1!3m3!1m2!1s0x89c259a15798c731%3A0xd695d09bdd495f25!2s11%20E%2022nd%20St%20FL%202%2C%20New%20York%2C%20NY%2010010%2C%20USA!5e0!3m2!1sen!2spe!4v1726171763526!5m2!1sen!2spe\" width=\"600\" height=\"450\" allowfullscreen=\"allowfullscreen\" data-mce-fragment=\"1\"><\/iframe>\n\n\n\n<\/p>\n\n\n\n<h3 class=\"wp-block-heading\">11 E 22nd Street, Floor 2, New York, NY 10010 T: +1(212) 505-6805<\/h3>\n\n\n\n<p><\/p>\n\n\n\n<h2 class=\"wp-block-heading\"><span style=\"font-weight: 400;\">\u00dcber SIS International<\/span><\/h2>\n\n\n\n<p><a href=\"https:\/\/www.sisinternational.com\/de\/\"><span style=\"font-weight: 400;\">SIS International<\/span><\/a><span style=\"font-weight: 400;\"> bietet quantitative, qualitative und strategische Forschung an. Wir liefern Daten, Tools, Strategien, Berichte und Erkenntnisse zur Entscheidungsfindung. Wir f\u00fchren auch Interviews, Umfragen, Fokusgruppen und andere Methoden und Ans\u00e4tze der Marktforschung durch.<\/span><a href=\"https:\/\/www.sisinternational.com\/de\/uber-sis-international-research\/contact-sis-international-market-research\/\"><span style=\"font-weight: 400;\"> Kontakt<\/span><\/a><span style=\"font-weight: 400;\"> f\u00fcr Ihr n\u00e4chstes Marktforschungsprojekt.<\/span><\/p>\n\n\n\n<p><\/p>","protected":false},"excerpt":{"rendered":"<p>Ihre Kunden verbringen mehr Zeit online. Gewinnen Sie neue Einblicke in ihre Kunden und steigern Sie so die Leistung Ihres Unternehmens.<\/p>","protected":false},"author":1,"featured_media":63025,"parent":14660,"menu_order":1,"comment_status":"closed","ping_status":"closed","template":"","meta":{"footnotes":""},"class_list":["post-11298","page","type-page","status-publish","has-post-thumbnail"],"_links":{"self":[{"href":"https:\/\/www.sisinternational.com\/de\/wp-json\/wp\/v2\/pages\/11298","targetHints":{"allow":["GET"]}}],"collection":[{"href":"https:\/\/www.sisinternational.com\/de\/wp-json\/wp\/v2\/pages"}],"about":[{"href":"https:\/\/www.sisinternational.com\/de\/wp-json\/wp\/v2\/types\/page"}],"author":[{"embeddable":true,"href":"https:\/\/www.sisinternational.com\/de\/wp-json\/wp\/v2\/users\/1"}],"replies":[{"embeddable":true,"href":"https:\/\/www.sisinternational.com\/de\/wp-json\/wp\/v2\/comments?post=11298"}],"version-history":[{"count":11,"href":"https:\/\/www.sisinternational.com\/de\/wp-json\/wp\/v2\/pages\/11298\/revisions"}],"predecessor-version":[{"id":80042,"href":"https:\/\/www.sisinternational.com\/de\/wp-json\/wp\/v2\/pages\/11298\/revisions\/80042"}],"up":[{"embeddable":true,"href":"https:\/\/www.sisinternational.com\/de\/wp-json\/wp\/v2\/pages\/14660"}],"wp:featuredmedia":[{"embeddable":true,"href":"https:\/\/www.sisinternational.com\/de\/wp-json\/wp\/v2\/media\/63025"}],"wp:attachment":[{"href":"https:\/\/www.sisinternational.com\/de\/wp-json\/wp\/v2\/media?parent=11298"}],"curies":[{"name":"wp","href":"https:\/\/api.w.org\/{rel}","templated":true}]}}