{"id":11284,"date":"2014-11-05T01:49:18","date_gmt":"2014-11-05T01:49:18","guid":{"rendered":"https:\/\/www.sisinternational.com\/upgrade\/?page_id=11284"},"modified":"2026-03-13T01:38:16","modified_gmt":"2026-03-13T05:38:16","slug":"stimme-des-kunden","status":"publish","type":"page","link":"https:\/\/www.sisinternational.com\/de\/voice-of-the-customer-research-page\/stimme-des-kunden\/","title":{"rendered":"Stimme der Kundenforschung"},"content":{"rendered":"<h1 class=\"wp-block-heading\">Stimme der Kundenforschung<\/h1>\n\n\n\n<figure class=\"gb-block-image gb-block-image-90c97580\"><img loading=\"lazy\" decoding=\"async\" width=\"1456\" height=\"816\" class=\"gb-image gb-image-90c97580\" src=\"https:\/\/www.sisinternational.com\/wp-content\/uploads\/2025\/08\/Customer-goods-1.jpg\" alt=\"SIS International Marktforschung &amp; Strategie\" title=\"Customer goods (1)\" srcset=\"https:\/\/www.sisinternational.com\/wp-content\/uploads\/2025\/08\/Customer-goods-1.jpg 1456w, https:\/\/www.sisinternational.com\/wp-content\/uploads\/2025\/08\/Customer-goods-1-300x168.jpg 300w, https:\/\/www.sisinternational.com\/wp-content\/uploads\/2025\/08\/Customer-goods-1-1024x574.jpg 1024w, https:\/\/www.sisinternational.com\/wp-content\/uploads\/2025\/08\/Customer-goods-1-768x430.jpg 768w, https:\/\/www.sisinternational.com\/wp-content\/uploads\/2025\/08\/Customer-goods-1-18x10.jpg 18w\" sizes=\"auto, (max-width: 1456px) 100vw, 1456px\"><\/figure>\n\n\n\n<p><\/p>\n\n\n\n<hr class=\"wp-block-separator has-alpha-channel-opacity is-style-dots\"\/>\n\n\n\n<h2 class=\"wp-block-heading p1\"><span class=\"s1\">Stimme der Kundenforschung<\/span>&nbsp;deckt Kundenbed\u00fcrfnisse auf.<\/h2>\n\n\n\n<p class=\"p2\">Die Voice of Customer Research-Technik identifiziert die W\u00fcnsche und Bed\u00fcrfnisse der Kunden, indem sie diese organisiert und priorisiert. Die Forschung basiert auf dem Ausma\u00df, in dem sie im Vergleich zu anderen Produkt- oder Serviceoptionen zufriedenstellend sind.<\/p>\n\n\n\n<p>Ideas generated by VOC research can either improve current products or help develop new ones.\u00a0 As an example, consider air travel and what has been disrupting this industry.\u00a0 Changes allowed for seat location and legroom, fully reclinable seats, and the allowable number. In addition, the fees for carry-on luggage, meals, and snacks, just to name a few. On the other hand, some carriers now provide wi-fi and limited in-flight entertainment for free. VOC played a role in making changes and determining how to price and promote them to maximize overall profits.<\/p>\n\n\n\n<h2 class=\"wp-block-heading p1\">Wie f\u00fchren Sie ein Voice of Customer-Programm durch?<\/h2>\n\n\n\n<p class=\"p1\">Um die Bed\u00fcrfnisse, Vorlieben und Erwartungen eines Kunden zu erfassen und zu verstehen, wie diese erf\u00fcllt werden, <a href=\"https:\/\/learn.g2.com\/voice-of-the-customer-methodology\" target=\"_blank\" rel=\"noopener\">VOC-Studien<\/a> umfassen in der Regel sowohl qualitative als auch quantitative Forschungsschritte. Sie werden im Allgemeinen zu Beginn jeder neuen Produkt-, Prozess- oder Service-Designinitiative durchgef\u00fchrt. Die Studien helfen Unternehmen, die gr\u00f6\u00dften Kundenw\u00fcnsche besser zu verstehen und zu reflektieren.<\/p>\n\n\n\n<p class=\"p1\">Wenn die Ressourcen es erlauben, beziehen Sie auch einige Nicht-Kunden\/Interessenten in dieses Programm ein, da diese m\u00f6glicherweise zus\u00e4tzliche Anforderungen vorschlagen.<\/p>\n\n\n\n<h2 class=\"wp-block-heading p1\">Verwendung qualitativer und quantitativer Methoden<\/h2>\n\n\n\n<p><a href=\"https:\/\/www.sisinternational.com\/de\/sampling-techniques-in-qualitative-research-the-complete-guide-to-choosing-the-right-method\/\" title=\"Sampling Techniques in Qualitative Research: The Complete Guide to Choosing the Right Method\" data-wpil-monitor-id=\"9071\">Qualitative Research methods<\/a> help to fine-tune or generate lists of ideas or product features and their perceived benefits. They reach larger target audiences via <a href=\"https:\/\/www.sisinternational.com\/de\/losungen\/qualitative-quantitative-forschungslosungen\/quantitative-online-surveys\/\" title=\"Quantitative Online Surveys\" data-wpil-monitor-id=\"9073\">quantitative surveys conducted online<\/a>, by email, or by telephone surveys. The greater number of individuals reached who participate in the surveys can provide more confidence in making key decisions.<\/p>\n\n\n\n<p class=\"p1\">Two commonly used Qualitative Research methods are <a href=\"https:\/\/www.sisinternational.com\/de\/losungen\/schwerpunktgruppen\/focus-group-on-personal-care-products\/\" title=\"Focus Group on Personal Care Products\" data-wpil-monitor-id=\"9075\">personal In-Depth Interviews and Focus Groups<\/a>. Individuals representing the target <a href=\"https:\/\/www.sisinternational.com\/de\/sachverstand\/branchen\/b2b-recruiting-marktforschung\/\" title=\"B2B Recruiting-Marktforschung\" data-wpil-monitor-id=\"9079\">market may be screened and recruited<\/a> either for a personal interview or a Focus Group.<\/p>\n\n\n\n<p class=\"p1\"><strong>Tiefgr\u00fcndige Interviews<\/strong><\/p>\n\n\n\n<p class=\"p1\">Pers\u00f6nliche oder telefonische Einzelinterviews dauern zwischen 15 Minuten und einer Stunde. Sie k\u00f6nnen sie nutzen, um Antworten detaillierter zu eruieren. VOC-Programme profitieren von Feedback des Vertriebsteams, der Kundendienstabteilung oder anderer Personen, die direkten Kontakt mit Kunden haben.<\/p>\n\n\n\n<p><strong>Schwerpunktgruppen<\/strong><\/p>\n\n\n\n<p class=\"p1\">A Focus Group, which typically runs 90 minutes up to 2 hours, allows for interaction and discussion of concepts and their trade-offs amongst participants.<\/p>\n\n\n\n<p class=\"p1\"><strong>Social Media Forschung<\/strong><\/p>\n\n\n\n<p class=\"p1\">Kommentare zu Produkten werden in den sozialen Medien st\u00e4ndig ver\u00f6ffentlicht. Die M\u00f6glichkeit, an Diskussionen, Kommentaren, Bewertungen und Rezensionen teilzunehmen, kann ein \u00e4u\u00dferst n\u00fctzliches Mittel sein, um unmittelbare Reaktionen auf die Gedanken der Kunden zu erhalten.<\/p>\n\n\n\n<p class=\"p1\">Ideally, companies need a single, organized system that collects and analyzes all Voice of Customer input.<\/p>\n\n\n\n<h2 class=\"wp-block-heading p1\">So kann VOC Ihrem Unternehmen helfen<\/h2>\n\n\n\n<p class=\"p1\"><a href=\"https:\/\/www.sisinternational.com\/de\/sachverstand\/branchen\/marktforschung-zu-stimme-des-kunden-im-lebensmittel-und-getrankebereich\/\" title=\"Marktforschung zur Stimme des Kunden im Lebensmittel- und Getr\u00e4nkebereich\" data-wpil-monitor-id=\"9077\">Voice of Customer research<\/a> can help a company to keep up with changing customer needs as well as monitor competitive initiatives that may be a threat.<\/p>\n\n\n\n<p class=\"p1\">Wenn Sie Ihren Kunden und Interessenten zuh\u00f6ren, ist Ihr Unternehmen besser darauf vorbereitet, <span class=\"s1\">Agieren statt reagieren<\/span>.<\/p>\n\n\n\n<p class=\"p1\">Experienced in VOC, SIS International works with and guides designers, engineers, IT, and marketing resources to incorporate and translate the Voice of <a href=\"https:\/\/www.sisinternational.com\/de\/verbesserung-der-kundenbeziehungen\/\" title=\"So steigern Sie die Kundenzufriedenheit und begeistern unzufriedene Kunden\" data-wpil-monitor-id=\"9083\">Customer information into new or improved<\/a> products.<\/p>\n\n\n\n<p class=\"p1\">Suppose your <a href=\"https:\/\/www.sisinternational.com\/de\/losungen\/geschmackstest\/produkttestdienste-in-new-york\/\" title=\"Produkttestdienste in New York\" data-wpil-monitor-id=\"9084\">products or services<\/a> have the highest overall level of desired features and qualities. In that case, your company will have the opportunity to keep existing customers satisfied while growing <a href=\"https:\/\/www.sisinternational.com\/de\/losungen\/branding-und-kundenforschungslosungen\/marktforschung-zur-markenpositionierung\/\" title=\"Marktforschung zur Markenpositionierung\" data-wpil-monitor-id=\"9081\">market share via positive<\/a> word of mouth and recommendations.<\/p>\n\n\n\n<p class=\"p1\">Solange Sie auf die Stimme Ihrer Kunden h\u00f6ren, sich entsprechend anpassen und Innovationen hervorbringen, wird Ihr Unternehmen erfolgreich sein.<\/p>\n\n\n\n<p><\/p>","protected":false},"excerpt":{"rendered":"<p>Mithilfe der \u201eVoice of the Customer\u201c-Forschung k\u00f6nnen Sie bessere Produkte entwickeln und Ihre Gesch\u00e4ftsleistung steigern. <\/p>","protected":false},"author":1,"featured_media":64757,"parent":84547,"menu_order":0,"comment_status":"closed","ping_status":"closed","template":"","meta":{"footnotes":""},"class_list":["post-11284","page","type-page","status-publish","has-post-thumbnail"],"_links":{"self":[{"href":"https:\/\/www.sisinternational.com\/de\/wp-json\/wp\/v2\/pages\/11284","targetHints":{"allow":["GET"]}}],"collection":[{"href":"https:\/\/www.sisinternational.com\/de\/wp-json\/wp\/v2\/pages"}],"about":[{"href":"https:\/\/www.sisinternational.com\/de\/wp-json\/wp\/v2\/types\/page"}],"author":[{"embeddable":true,"href":"https:\/\/www.sisinternational.com\/de\/wp-json\/wp\/v2\/users\/1"}],"replies":[{"embeddable":true,"href":"https:\/\/www.sisinternational.com\/de\/wp-json\/wp\/v2\/comments?post=11284"}],"version-history":[{"count":4,"href":"https:\/\/www.sisinternational.com\/de\/wp-json\/wp\/v2\/pages\/11284\/revisions"}],"predecessor-version":[{"id":81520,"href":"https:\/\/www.sisinternational.com\/de\/wp-json\/wp\/v2\/pages\/11284\/revisions\/81520"}],"up":[{"embeddable":true,"href":"https:\/\/www.sisinternational.com\/de\/wp-json\/wp\/v2\/pages\/84547"}],"wp:featuredmedia":[{"embeddable":true,"href":"https:\/\/www.sisinternational.com\/de\/wp-json\/wp\/v2\/media\/64757"}],"wp:attachment":[{"href":"https:\/\/www.sisinternational.com\/de\/wp-json\/wp\/v2\/media?parent=11284"}],"curies":[{"name":"wp","href":"https:\/\/api.w.org\/{rel}","templated":true}]}}