{"id":11123,"date":"2014-11-01T16:15:59","date_gmt":"2014-11-01T16:15:59","guid":{"rendered":"https:\/\/www.sisinternational.com\/upgrade\/?page_id=11123"},"modified":"2026-01-26T18:12:33","modified_gmt":"2026-01-26T23:12:33","slug":"ethnographie","status":"publish","type":"page","link":"https:\/\/www.sisinternational.com\/de\/losungen\/qualitative-quantitative-forschungslosungen\/ethnographie\/","title":{"rendered":"Ethnographie Marktforschung"},"content":{"rendered":"<h1 class=\"wp-block-heading\"><span class=\"s1\">Ethnographie Marktforschung<\/span><\/h1>\n\n\n\n<figure class=\"gb-block-image gb-block-image-63d83034\"><img loading=\"lazy\" decoding=\"async\" width=\"1456\" height=\"816\" class=\"gb-image gb-image-63d83034\" src=\"https:\/\/www.sisinternational.com\/wp-content\/uploads\/2025\/09\/Etnography-market-research-3-1.jpg\" alt=\"SIS International Marktforschung &amp; Strategie\" title=\"Etnography market research (3)\" srcset=\"https:\/\/www.sisinternational.com\/wp-content\/uploads\/2025\/09\/Etnography-market-research-3-1.jpg 1456w, https:\/\/www.sisinternational.com\/wp-content\/uploads\/2025\/09\/Etnography-market-research-3-1-300x168.jpg 300w, https:\/\/www.sisinternational.com\/wp-content\/uploads\/2025\/09\/Etnography-market-research-3-1-1024x574.jpg 1024w, https:\/\/www.sisinternational.com\/wp-content\/uploads\/2025\/09\/Etnography-market-research-3-1-768x430.jpg 768w, https:\/\/www.sisinternational.com\/wp-content\/uploads\/2025\/09\/Etnography-market-research-3-1-18x10.jpg 18w\" sizes=\"auto, (max-width: 1456px) 100vw, 1456px\"><\/figure>\n\n\n\n<blockquote class=\"wp-block-quote is-layout-flow wp-block-quote-is-layout-flow\">\n<p>Bei der Ethnographie handelt es sich um eine Methode der qualitativen Marktforschung, bei der ein Moderator und ein kleines Forschungsteam einen Befragten zu Hause oder im B\u00fcro interviewen, um Beobachtungen \u00fcber seinen Lebensstil und sein Alltagsverhalten zu erhalten.<\/p>\n<\/blockquote>\n\n\n\n<p>Das Verst\u00e4ndnis der Verbrauchergewohnheiten wird f\u00fcr die Entwicklung erfolgreicher Marketingstrategien und kreativer Produkte immer wichtiger \u2013 und die ethnografische Marktforschung wird dabei zu einer wichtigen Quelle.<\/p>\n\n\n\n<p>Bei diesem Ansatz tauchen die Forscher in die Alltagsumgebung der Kunden ein, um ihr Verhalten zu untersuchen und zu interpretieren. Durch die N\u00e4he zu den Kunden k\u00f6nnen Unternehmen wertvolle Einblicke in die kulturellen und sozialen Einfl\u00fcsse ihrer Kunden gewinnen und ihre Produkte und Dienstleistungen verbessern.<\/p>\n\n\n\n<h2 class=\"wp-block-heading\">Was ist ethnographische Marktforschung?<\/h2>\n\n\n\n<p>Ethnografische Marktforschung ist eine bereichernde, qualitative Methode, die darauf abzielt, die Nuancen der Verbraucher aufzudecken. Durch den Einsatz ethnografischer Marktforschung k\u00f6nnen Unternehmen Verhaltensweisen, Einstellungen, \u00dcberzeugungen und kulturelle Praktiken entdecken, die erkl\u00e4ren, warum Verbraucher bestimmte Produkte oder Dienstleistungen kaufen. Dadurch k\u00f6nnen Unternehmen wertvolle Erkenntnisse dar\u00fcber gewinnen, wie sie<span class=\"Apple-converted-space\">&nbsp; <\/span>Passen Sie Marketingbotschaften an bestimmte Gruppen an.<\/p>\n\n\n\n<p>Dar\u00fcber hinaus wird ein Einblick in die Gedankenwelt der Verbraucher gewonnen, wodurch verborgene Aspekte aufgedeckt werden, die durch Umfragen oder typische Fokusgruppensitzungen nicht erkannt werden k\u00f6nnen.<\/p>\n\n\n\n<p>Aus diesem Grund sind die Ergebnisse von unsch\u00e4tzbarem Wert und k\u00f6nnen zu innovativen Produktkreationen, erfolgreichen Marketingkampagnen und noch aussagekr\u00e4ftigeren Markenbotschaften f\u00fchren, die direkt ins Ged\u00e4chtnis der Kunden gelangen.<\/p>\n\n\n\n<h3 class=\"wp-block-heading\">Bedeutung der ethnographischen Marktforschung f\u00fcr das Verst\u00e4ndnis des Verbraucherverhaltens<\/h3>\n\n\n\n<p><a href=\"https:\/\/www.sisinternational.com\/de\/sachverstand\/lebenslaufe\/lebenslauf-mit-erfahrungen-im-bereich-ethnographie\/\" title=\"Ethnographie Marktforschung Erfahrung\"  data-wpil-monitor-id=\"6353\">Ethnography market research<\/a> allows researchers to better understand the cultural and social elements that shape consumers&#8217; choices. It enables researchers to view customers&#8217; behaviors in their natural setting \u2013 offering deeper comprehension of consumer preferences.<\/p>\n\n\n\n<p>Daher profitieren Unternehmen von ethnografischer Marktforschung und erhalten Einblicke in die Bed\u00fcrfnisse, W\u00fcnsche, Einstellungen, \u00dcberzeugungen, Gewohnheiten und Motivationen ihrer Zielgruppe.<\/p>\n\n\n\n<p>These insights are critical for creating new products and tailoring marketing campaigns that truly connect with consumers on an emotional level. Additionally, <a href=\"https:\/\/www.sisinternational.com\/de\/losungen\/branding-und-kundenforschungslosungen\/videoethnographieforschung\/\" title=\"Video-Ethnographie-Forschung\"  data-wpil-monitor-id=\"6794\">ethnography market research<\/a> lets businesses spot unmet consumer needs, especially, in international markets where culture-driven factors affect sales.<\/p>\n\n\n\n<p>Durch Beobachtungsforschung k\u00f6nnen Forscher Einblicke in das nat\u00fcrliche Verhalten der Teilnehmer gewinnen, indem sie diese in ihrer eigenen Umgebung beobachten. Dieser besondere Ansatz erm\u00f6glicht ein Verst\u00e4ndnis spontaner und echter Reaktionen, die in einer strukturierten Laborumgebung m\u00f6glicherweise nicht identifiziert werden k\u00f6nnen.<\/p>\n\n\n\n<figure class=\"gb-block-image gb-block-image-f178cd1a\"><img loading=\"lazy\" decoding=\"async\" width=\"1456\" height=\"816\" class=\"gb-image gb-image-f178cd1a\" src=\"https:\/\/www.sisinternational.com\/wp-content\/uploads\/2025\/09\/Etnography-market-research-2.jpg\" alt=\"SIS International Marktforschung &amp; Strategie\" title=\"Etnography market research (2)\" srcset=\"https:\/\/www.sisinternational.com\/wp-content\/uploads\/2025\/09\/Etnography-market-research-2.jpg 1456w, https:\/\/www.sisinternational.com\/wp-content\/uploads\/2025\/09\/Etnography-market-research-2-300x168.jpg 300w, https:\/\/www.sisinternational.com\/wp-content\/uploads\/2025\/09\/Etnography-market-research-2-1024x574.jpg 1024w, https:\/\/www.sisinternational.com\/wp-content\/uploads\/2025\/09\/Etnography-market-research-2-768x430.jpg 768w, https:\/\/www.sisinternational.com\/wp-content\/uploads\/2025\/09\/Etnography-market-research-2-18x10.jpg 18w\" sizes=\"auto, (max-width: 1456px) 100vw, 1456px\"><\/figure>\n\n\n\n<p><\/p>\n\n\n\n<h3 class=\"wp-block-heading\">Vorteile der ethnographischen Marktforschung<\/h3>\n\n\n\n<p>Diese Methode bietet gegen\u00fcber traditionelleren Ans\u00e4tzen der qualitativen Forschung wie Fokusgruppen oder ausf\u00fchrlichen Interviews, die in einer Forschungseinrichtung durchgef\u00fchrt werden, entscheidende Vorteile. Wenn ein Befragter aus der Umgebung entfernt wird, in der er normalerweise mit dem Forschungsobjekt interagiert, ist er gezwungen, seine Aussagen auf fr\u00fcheren Erfahrungen zu basieren, wodurch seine Erkenntnisse der Fehlbarkeit des menschlichen Ged\u00e4chtnisses und den Einfl\u00fcssen anderer Meinungen in der Gruppe oder dem \u201eGruppendenken\u201c ausgesetzt sind.<\/p>\n\n\n\n<p><span class=\"s2\">Ein ethnografischer Marktforschungsansatz vor Ort bietet einen viel klareren und ganzheitlicheren Blick darauf, wie ein Produkt in den Lebensstil eines Verbrauchers passt. Bei der Durchf\u00fchrung einer ethnografischen Untersuchung vor Ort kann ein Forscher aus erster Hand beobachten, wie ein Verbraucher mit einem Produkt interagiert und es im Kontext seines praktischen Alltagslebens verwendet. Dies erm\u00f6glicht ein viel differenzierteres Verst\u00e4ndnis potenzieller Bereiche f\u00fcr Produktverbesserungen und ein umfassenderes Gesamtverst\u00e4ndnis daf\u00fcr, wer die Zielverbraucher wirklich sind. Mit der Erlaubnis des Verbrauchers k\u00f6nnen wir \u201eArtefakte\u201c oder Hausaufgaben sammeln, um ein tieferes Verst\u00e4ndnis zu erlangen. Diese Methode hilft unseren Kunden, Verhalten und \u00dcberzeugungen aus der Sicht der Kunden zu verstehen.<\/span><\/p>\n\n\n\n<p>Der wahre Wert ethnografischer Forschung liegt oft in der subtilen Beobachtung des Verhaltens der Befragten im Umgang mit dem Forschungsobjekt. Was bringt sie dazu, \u201eaufzubl\u00fchen\u201c, wenn sie \u00fcber das Produkt sprechen? Was frustriert sie daran? Verwenden sie das Produkt f\u00fcr Zwecke, die urspr\u00fcnglich nicht vorgesehen oder erdacht waren? Ethnografische Forschung kann die Antworten auf diese Fragen liefern und Marketingfachleuten und Produktentwicklern letztlich wertvolle Einblicke in ihre Verbraucherbasis bieten.<\/p>\n\n\n\n<p>Folglich bietet die ethnografische Marktforschung mit ihrem gro\u00dfen Potenzial in verschiedenen Branchen eine Reihe von Vorteilen, die es zu ber\u00fccksichtigen gilt, darunter:<\/p>\n\n\n\n<ul class=\"wp-block-list\">\n<li><b>Tiefgreifendes Verst\u00e4ndnis des Verbraucherverhaltens<\/b>: Durch ethnografische Marktforschung k\u00f6nnen Unternehmen ein tieferes Verst\u00e4ndnis der Gewohnheiten und Entscheidungen von Verbrauchern gewinnen. Durch die genaue Untersuchung von Kunden in ihrem Umfeld haben Forscher die M\u00f6glichkeit, die Motivationen hinter Markentreue oder Produktnutzung zu identifizieren. Diese Form der Datenerfassung hilft Unternehmen dabei, herauszufinden, was das Kundenverhalten antreibt und wie sie diese Informationen f\u00fcr verbesserte Marketingbem\u00fchungen nutzen k\u00f6nnen.<\/li>\n\n\n\n<li><b>Produktdesign und -entwicklung<\/b>: Durch die Nutzung ethnografischer Marktforschung k\u00f6nnen Produktdesigner wertvolle Einblicke in die Bed\u00fcrfnisse und W\u00fcnsche der Verbraucher gewinnen, um Produkte zu entwickeln, die sowohl benutzerfreundlich als auch \u00e4sthetisch einzigartig sind. Mit dieser Forschungsmethode sind Produktentwickler besser in der Lage, L\u00f6sungen zu entwickeln, die die Erwartungen der Kunden erf\u00fcllen. Diese Vorgehensweise erm\u00f6glicht einen rationalisierteren Designprozess, der zu intuitiven Produkten f\u00fchrt, die den Lebensstil der Benutzer erg\u00e4nzen.<\/li>\n\n\n\n<li><b>Entwicklung einer Marketingstrategie<\/b>: Unternehmen k\u00f6nnen durch ethnografische Marktforschung zielgerichtetere Marketingstrategien und -kampagnen entwickeln. Sie hilft Unternehmen, die zugrunde liegenden kulturellen und sozialen Faktoren zu verstehen, die das Verbraucherverhalten beeinflussen, und Forscher k\u00f6nnen ein Verst\u00e4ndnis daf\u00fcr gewinnen, wie Kunden Produkte und Dienstleistungen nutzen, und so Marketingkampagnen verbessern.<\/li>\n<\/ul>\n\n\n\n<h3 class=\"wp-block-heading\">Herausforderungen der ethnographischen Marktforschung<\/h3>\n\n\n\n<p>Though ethnographic market <a href=\"https:\/\/www.sisinternational.com\/de\/sachverstand\/branchen\/marktforschung-zur-kauferabsicht\/\" title=\"Marktforschung zur K\u00e4uferabsicht\"  data-wpil-monitor-id=\"7154\">Forschung<\/a> offers a wealth of knowledge about buyer activities, there are many drawbacks involved with this approach.<\/p>\n\n\n\n<ul class=\"wp-block-list\">\n<li>Ethnografische Marktforschung erfordert die aufmerksame Beobachtung und Untersuchung einer repr\u00e4sentativen Stichprobe von Teilnehmern, was die Extrapolation der Ergebnisse einschr\u00e4nken kann. Daher m\u00fcssen sich Forscher dar\u00fcber im Klaren sein, dass sie auf der Grundlage einer unbedeutend kleinen Stichprobe keine Aussagen \u00fcber eine erweiterte Population treffen d\u00fcrfen.<\/li>\n\n\n\n<li>Es erfordert einen intensiven Einsatz von Zeit und Ressourcen. Um die Erfahrungen der Teilnehmer wirklich zu verstehen, m\u00fcssen die Forscher sie in ihrer nat\u00fcrlichen Umgebung beobachten \u2013 ein Prozess, der teuer und langwierig sein kann.<\/li>\n\n\n\n<li>Unter bestimmten Umst\u00e4nden kann es schwierig sein, die Zustimmung der Teilnehmer einzuholen. Sie m\u00f6chten vielleicht nicht, dass ein Forscher sie in ihrer Umgebung beobachtet, oder f\u00fchlen sich unwohl dabei, private Details preiszugeben.<\/li>\n\n\n\n<li>Bei der ethnografischen Marktforschung m\u00fcssen die pers\u00f6nlichen Perspektiven und m\u00f6glichen Vorurteile des Forschers sorgf\u00e4ltig ber\u00fccksichtigt werden. Sie h\u00e4ngt stark davon ab, wie Informationen interpretiert werden, und Beobachter m\u00fcssen besonders darauf achten, dass ihre eigenen Ansichten die gesammelten Daten nicht verzerren.<\/li>\n\n\n\n<li>Ethnografische Marktforschung kann enorme Datenmengen liefern. Allerdings ist es wichtig, die Informationen genau und pr\u00e4zise zu analysieren, um sicherzustellen, dass die Ergebnisse korrekt sind.<\/li>\n<\/ul>\n\n\n\n<h4 class=\"wp-block-heading\">\u00dcber SIS Ethnography Market Research<\/h4>\n\n\n\n<p>SIS ist ein f\u00fchrendes Marktforschungsunternehmen. Wir bieten weltweit ethnographische Marktforschung an. Wir f\u00fchren durch:<\/p>\n\n\n\n<ul class=\"wp-block-list\">\n<li><strong>Ethnographie zu Hause<\/strong><\/li>\n\n\n\n<li><strong>Ethnographie im Gesch\u00e4ft<\/strong><\/li>\n\n\n\n<li><strong>Ethnographie im B\u00fcro<\/strong><\/li>\n\n\n\n<li><strong>Ethnographie im Fahrzeug<\/strong><\/li>\n\n\n\n<li><strong>Mobile und Online-Ethnographie<\/strong><\/li>\n<\/ul>\n\n\n\n<p>Wir sind in den USA, Europa, China und Asien vertreten. Wir differenzieren uns durch die Qualit\u00e4t unserer Erkenntnisse, unsere globale Marktabdeckung, mehrsprachige Interviews, unseren rund um die Uhr verf\u00fcgbaren Kundenservice und unsere umfassenden qualitativen Analysem\u00f6glichkeiten.<\/p>\n\n\n\n<p>SIS International bietet quantitative, qualitative und strategische Forschung an. Wir liefern Daten, Tools, Strategien, Berichte und Erkenntnisse zur Entscheidungsfindung. Wir f\u00fchren Interviews, Umfragen, Fokusgruppen und viele andere Methoden und Ans\u00e4tze der Marktforschung durch. Kontaktieren Sie uns f\u00fcr Ihr n\u00e4chstes Marktforschungsprojekt.<\/p>\n\n\n\n<p><\/p>","protected":false},"excerpt":{"rendered":"<p>Ethnografische Marktforschung liefert Erkenntnisse \u00fcber Kunden und Verhalten. Wir f\u00fchren weltweit Ethnografie in Privathaushalten, Gesch\u00e4ften und B\u00fcros durch. Erfahren Sie mehr.<\/p>","protected":false},"author":1,"featured_media":67284,"parent":14660,"menu_order":0,"comment_status":"closed","ping_status":"closed","template":"","meta":{"footnotes":""},"class_list":["post-11123","page","type-page","status-publish","has-post-thumbnail"],"_links":{"self":[{"href":"https:\/\/www.sisinternational.com\/de\/wp-json\/wp\/v2\/pages\/11123","targetHints":{"allow":["GET"]}}],"collection":[{"href":"https:\/\/www.sisinternational.com\/de\/wp-json\/wp\/v2\/pages"}],"about":[{"href":"https:\/\/www.sisinternational.com\/de\/wp-json\/wp\/v2\/types\/page"}],"author":[{"embeddable":true,"href":"https:\/\/www.sisinternational.com\/de\/wp-json\/wp\/v2\/users\/1"}],"replies":[{"embeddable":true,"href":"https:\/\/www.sisinternational.com\/de\/wp-json\/wp\/v2\/comments?post=11123"}],"version-history":[{"count":8,"href":"https:\/\/www.sisinternational.com\/de\/wp-json\/wp\/v2\/pages\/11123\/revisions"}],"predecessor-version":[{"id":80716,"href":"https:\/\/www.sisinternational.com\/de\/wp-json\/wp\/v2\/pages\/11123\/revisions\/80716"}],"up":[{"embeddable":true,"href":"https:\/\/www.sisinternational.com\/de\/wp-json\/wp\/v2\/pages\/14660"}],"wp:featuredmedia":[{"embeddable":true,"href":"https:\/\/www.sisinternational.com\/de\/wp-json\/wp\/v2\/media\/67284"}],"wp:attachment":[{"href":"https:\/\/www.sisinternational.com\/de\/wp-json\/wp\/v2\/media?parent=11123"}],"curies":[{"name":"wp","href":"https:\/\/api.w.org\/{rel}","templated":true}]}}